{"id":1412,"date":"2025-04-17T20:15:26","date_gmt":"2025-04-17T18:15:26","guid":{"rendered":"https:\/\/blindleiamarine.no\/?page_id=1412"},"modified":"2025-04-17T20:18:43","modified_gmt":"2025-04-17T18:18:43","slug":"respo-tilhengere","status":"publish","type":"page","link":"https:\/\/blindleiamarine.no\/index.php\/respo-tilhengere\/","title":{"rendered":"Respo tilhengere"},"content":{"rendered":"\n<p>Respo er en av nordeuropas st\u00f8rste produsenter av tilhengere og produserer omtrent 200 forskjellige modeller som selges over hele Europa. Blindleia Marine forhandler Respo hengere, vi selger naturlig nok mest b\u00e5thengere, men kan skaffe det meste p\u00e5 bestilling. <\/p>\n\n\n\n<p><a href=\"https:\/\/www.respotilhenger.no\/no\/\" data-type=\"link\" data-id=\"https:\/\/www.respotilhenger.no\/no\/\" target=\"_blank\" rel=\"noreferrer noopener\">Trykk her for \u00e5 utforske Respo hengere med priser og detaljerte teknisk informasjon.<\/a><\/p>\n\n\n\n<p><a href=\"https:\/\/www.respotilhenger.no\/no\/tilhengere\/bathengere\" data-type=\"link\" data-id=\"https:\/\/www.respotilhenger.no\/no\/tilhengere\/bathengere\" target=\"_blank\" rel=\"noreferrer noopener\">Snarvei direkte til b\u00e5t og vannscooter hengere.<\/a><\/p>\n\n\n\n<p><\/p>\n","protected":false},"excerpt":{"rendered":"<p>Respo er en av nordeuropas st\u00f8rste produsenter av tilhengere og produserer omtrent 200 forskjellige modeller som selges over hele Europa. Blindleia Marine forhandler Respo hengere, vi selger naturlig nok mest b\u00e5thengere, men kan skaffe det meste p\u00e5 bestilling. Trykk her for \u00e5 utforske Respo hengere med priser og detaljerte teknisk informasjon. Snarvei direkte til b\u00e5t30<\/p>\n","protected":false},"author":1,"featured_media":1413,"parent":0,"menu_order":0,"comment_status":"closed","ping_status":"closed","template":"page-fullwidth.php","meta":{"_exactmetrics_skip_tracking":false,"_exactmetrics_sitenote_active":false,"_exactmetrics_sitenote_note":"","_exactmetrics_sitenote_category":0,"footnotes":""},"class_list":["post-1412","page","type-page","status-publish","has-post-thumbnail","hentry"],"_links":{"self":[{"href":"https:\/\/blindleiamarine.no\/index.php\/wp-json\/wp\/v2\/pages\/1412","targetHints":{"allow":["GET"]}}],"collection":[{"href":"https:\/\/blindleiamarine.no\/index.php\/wp-json\/wp\/v2\/pages"}],"about":[{"href":"https:\/\/blindleiamarine.no\/index.php\/wp-json\/wp\/v2\/types\/page"}],"author":[{"embeddable":true,"href":"https:\/\/blindleiamarine.no\/index.php\/wp-json\/wp\/v2\/users\/1"}],"replies":[{"embeddable":true,"href":"https:\/\/blindleiamarine.no\/index.php\/wp-json\/wp\/v2\/comments?post=1412"}],"version-history":[{"count":1,"href":"https:\/\/blindleiamarine.no\/index.php\/wp-json\/wp\/v2\/pages\/1412\/revisions"}],"predecessor-version":[{"id":1414,"href":"https:\/\/blindleiamarine.no\/index.php\/wp-json\/wp\/v2\/pages\/1412\/revisions\/1414"}],"wp:featuredmedia":[{"embeddable":true,"href":"https:\/\/blindleiamarine.no\/index.php\/wp-json\/wp\/v2\/media\/1413"}],"wp:attachment":[{"href":"https:\/\/blindleiamarine.no\/index.php\/wp-json\/wp\/v2\/media?parent=1412"}],"curies":[{"name":"wp","href":"https:\/\/api.w.org\/{rel}","templated":true}]}}