{"id":1418,"date":"2025-04-17T21:10:54","date_gmt":"2025-04-17T19:10:54","guid":{"rendered":"https:\/\/blindleiamarine.no\/?page_id=1418"},"modified":"2025-04-17T21:11:23","modified_gmt":"2025-04-17T19:11:23","slug":"linder","status":"publish","type":"page","link":"https:\/\/blindleiamarine.no\/index.php\/bater\/linder\/","title":{"rendered":"Linder"},"content":{"rendered":"\n<p>Perfekte aluminiumsb\u00e5ter for sm\u00e5kj\u00f8ring, fiske, bading og generelt opplevelser i det v\u00e5te element. Kj\u00f8per du en Linderb\u00e5t for du en b\u00e5t som er lett, sterk og krever lite vedlikehold. Dette betyr mer fritid og tid til \u00e5 nyte de gode opplevelser.<\/p>\n\n\n\n<p><a href=\"https:\/\/www.erling-sande.no\/merker\/linder\" target=\"_blank\" rel=\"noreferrer noopener\">Se modellutvalg, mer bilder, informasjon og priser hos import\u00f8r<\/a><\/p>\n","protected":false},"excerpt":{"rendered":"<p>Perfekte aluminiumsb\u00e5ter for sm\u00e5kj\u00f8ring, fiske, bading og generelt opplevelser i det v\u00e5te element. Kj\u00f8per du en Linderb\u00e5t for du en b\u00e5t som er lett, sterk og krever lite vedlikehold. Dette betyr mer fritid og tid til \u00e5 nyte de gode opplevelser. Se modellutvalg, mer bilder, informasjon og priser hos import\u00f8r<\/p>\n","protected":false},"author":1,"featured_media":1419,"parent":37,"menu_order":0,"comment_status":"closed","ping_status":"closed","template":"page-fullwidth.php","meta":{"_exactmetrics_skip_tracking":false,"_exactmetrics_sitenote_active":false,"_exactmetrics_sitenote_note":"","_exactmetrics_sitenote_category":0,"footnotes":""},"class_list":["post-1418","page","type-page","status-publish","has-post-thumbnail","hentry"],"_links":{"self":[{"href":"https:\/\/blindleiamarine.no\/index.php\/wp-json\/wp\/v2\/pages\/1418","targetHints":{"allow":["GET"]}}],"collection":[{"href":"https:\/\/blindleiamarine.no\/index.php\/wp-json\/wp\/v2\/pages"}],"about":[{"href":"https:\/\/blindleiamarine.no\/index.php\/wp-json\/wp\/v2\/types\/page"}],"author":[{"embeddable":true,"href":"https:\/\/blindleiamarine.no\/index.php\/wp-json\/wp\/v2\/users\/1"}],"replies":[{"embeddable":true,"href":"https:\/\/blindleiamarine.no\/index.php\/wp-json\/wp\/v2\/comments?post=1418"}],"version-history":[{"count":1,"href":"https:\/\/blindleiamarine.no\/index.php\/wp-json\/wp\/v2\/pages\/1418\/revisions"}],"predecessor-version":[{"id":1420,"href":"https:\/\/blindleiamarine.no\/index.php\/wp-json\/wp\/v2\/pages\/1418\/revisions\/1420"}],"up":[{"embeddable":true,"href":"https:\/\/blindleiamarine.no\/index.php\/wp-json\/wp\/v2\/pages\/37"}],"wp:featuredmedia":[{"embeddable":true,"href":"https:\/\/blindleiamarine.no\/index.php\/wp-json\/wp\/v2\/media\/1419"}],"wp:attachment":[{"href":"https:\/\/blindleiamarine.no\/index.php\/wp-json\/wp\/v2\/media?parent=1418"}],"curies":[{"name":"wp","href":"https:\/\/api.w.org\/{rel}","templated":true}]}}