{"id":1421,"date":"2025-04-17T21:15:24","date_gmt":"2025-04-17T19:15:24","guid":{"rendered":"https:\/\/blindleiamarine.no\/?page_id=1421"},"modified":"2025-04-17T21:51:41","modified_gmt":"2025-04-17T19:51:41","slug":"suzumar","status":"publish","type":"page","link":"https:\/\/blindleiamarine.no\/index.php\/bater\/suzumar\/","title":{"rendered":"Suzumar"},"content":{"rendered":"\n<p>Dette er kvalitetsgummib\u00e5ter som sammen med Suzukis 4-taktsmotorer gj\u00f8r b\u00e5topplevelsen til en dr\u00f8m! B\u00e5tene er stabile og sj\u00f8sterke, perfekt om du \u00f8nsker en kjapp gummib\u00e5t til vannsport p\u00e5 hytta, som landsstedsb\u00e5t eller sporty fritidsb\u00e5t.<\/p>\n\n\n\n<p><a href=\"https:\/\/www.erling-sande.no\/merker\/suzumar\" data-type=\"link\" data-id=\"https:\/\/www.erling-sande.no\/merker\/suzumar\" target=\"_blank\" rel=\"noreferrer noopener\">Se modeller, spesifikasjoner og priser hos import\u00f8ren.<\/a><\/p>\n","protected":false},"excerpt":{"rendered":"<p>Dette er kvalitetsgummib\u00e5ter som sammen med Suzukis 4-taktsmotorer gj\u00f8r b\u00e5topplevelsen til en dr\u00f8m! B\u00e5tene er stabile og sj\u00f8sterke, perfekt om du \u00f8nsker en kjapp gummib\u00e5t til vannsport p\u00e5 hytta, som landsstedsb\u00e5t eller sporty fritidsb\u00e5t. Se modeller, spesifikasjoner og priser hos import\u00f8ren.<\/p>\n","protected":false},"author":1,"featured_media":1422,"parent":37,"menu_order":0,"comment_status":"closed","ping_status":"closed","template":"page-fullwidth.php","meta":{"_exactmetrics_skip_tracking":false,"_exactmetrics_sitenote_active":false,"_exactmetrics_sitenote_note":"","_exactmetrics_sitenote_category":0,"footnotes":""},"class_list":["post-1421","page","type-page","status-publish","has-post-thumbnail","hentry"],"_links":{"self":[{"href":"https:\/\/blindleiamarine.no\/index.php\/wp-json\/wp\/v2\/pages\/1421","targetHints":{"allow":["GET"]}}],"collection":[{"href":"https:\/\/blindleiamarine.no\/index.php\/wp-json\/wp\/v2\/pages"}],"about":[{"href":"https:\/\/blindleiamarine.no\/index.php\/wp-json\/wp\/v2\/types\/page"}],"author":[{"embeddable":true,"href":"https:\/\/blindleiamarine.no\/index.php\/wp-json\/wp\/v2\/users\/1"}],"replies":[{"embeddable":true,"href":"https:\/\/blindleiamarine.no\/index.php\/wp-json\/wp\/v2\/comments?post=1421"}],"version-history":[{"count":2,"href":"https:\/\/blindleiamarine.no\/index.php\/wp-json\/wp\/v2\/pages\/1421\/revisions"}],"predecessor-version":[{"id":1459,"href":"https:\/\/blindleiamarine.no\/index.php\/wp-json\/wp\/v2\/pages\/1421\/revisions\/1459"}],"up":[{"embeddable":true,"href":"https:\/\/blindleiamarine.no\/index.php\/wp-json\/wp\/v2\/pages\/37"}],"wp:featuredmedia":[{"embeddable":true,"href":"https:\/\/blindleiamarine.no\/index.php\/wp-json\/wp\/v2\/media\/1422"}],"wp:attachment":[{"href":"https:\/\/blindleiamarine.no\/index.php\/wp-json\/wp\/v2\/media?parent=1421"}],"curies":[{"name":"wp","href":"https:\/\/api.w.org\/{rel}","templated":true}]}}