{"id":1424,"date":"2025-04-17T21:29:21","date_gmt":"2025-04-17T19:29:21","guid":{"rendered":"https:\/\/blindleiamarine.no\/?page_id=1424"},"modified":"2025-04-17T21:31:29","modified_gmt":"2025-04-17T19:31:29","slug":"gemi-boats","status":"publish","type":"page","link":"https:\/\/blindleiamarine.no\/index.php\/bater\/gemi-boats\/","title":{"rendered":"GeMi Boats"},"content":{"rendered":"\n<h3 class=\"wp-block-heading\">MAKS B\u00c5TGLEDE &#8211; MINIMALT VEDLIKEHOLD<\/h3>\n\n\n\n<p>\u00c5 ha b\u00e5t handler om frihet og glede over \u00e5 kunne ferdes sikkert p\u00e5 sj\u00f8en. Det skal v\u00e6re enkelt \u00e5 ha b\u00e5t, s\u00e5nn at man f\u00e5r mest mulig tid til \u00e5 dra p\u00e5 b\u00e5t- og fisketurer.<\/p>\n\n\n\n<p>GeMi Boats er et norsk b\u00e5tmerke som lager solide og sj\u00f8sterke aluminiumsb\u00e5ter i h\u00f8y kvalitet. Alub\u00e5tene er spesielt utviklet og tilpasset til de barske forhold som vi ofte opplever langs norskekysten.<\/p>\n\n\n\n<p>Aluminium er lett, sterkt og krever lite vedlikehold. Konstruksjonen og designet av GeMi alub\u00e5ter bygger p\u00e5 gjennomtenkte og velpr\u00f8vde l\u00f8sninger.<\/p>\n\n\n\n<p>GeMi Boats er derfor sv\u00e6rt holdbare, nesten vedlikeholdsfrie og t\u00e5ler mange \u00e5rs krevende bruk \u00e5ret rundt.<\/p>\n\n\n\t\t\r\n\t<div class=\"row enigma_portfolio_page enima_photo_gallery portfolio \" id=\"isotope-portfolio-container\">\r\n\t\t\t\t<div class=\"col-sm-12 col-md-4 portfolio-item-wrapper GeMi\" >\r\n\t\t\t\t<div class=\"enigma_blog_thumb_wrapper\">\r\n\t\t\t\t\t<div class=\"enigma_blog_thumb_wrapper_showcase\">\t\t\t\t\t\r\n\t\t\t\t\t\t<img loading=\"lazy\" decoding=\"async\" width=\"340\" height=\"210\" src=\"https:\/\/blindleiamarine.no\/wp-content\/uploads\/2025\/04\/GeMi-Banner-340x210.jpg\" class=\"enigma_img_responsive wp-post-image\" alt=\"\" srcset=\"https:\/\/blindleiamarine.no\/wp-content\/uploads\/2025\/04\/GeMi-Banner-340x210.jpg 340w, https:\/\/blindleiamarine.no\/wp-content\/uploads\/2025\/04\/GeMi-Banner-260x160.jpg 260w, https:\/\/blindleiamarine.no\/wp-content\/uploads\/2025\/04\/GeMi-Banner-394x242.jpg 394w, https:\/\/blindleiamarine.no\/wp-content\/uploads\/2025\/04\/GeMi-Banner-252x155.jpg 252w, https:\/\/blindleiamarine.no\/wp-content\/uploads\/2025\/04\/GeMi-Banner-750x460.jpg 750w, https:\/\/blindleiamarine.no\/wp-content\/uploads\/2025\/04\/GeMi-Banner-570x350.jpg 570w\" sizes=\"auto, (max-width: 340px) 100vw, 340px\" \/>\t\t\t\t\t\t<div class=\"enigma_blog_thumb_wrapper_showcase_overlay\">\r\n\t\t\t\t\t\t\t<div class=\"enigma_blog_thumb_wrapper_showcase_overlay_inner \">\r\n\t\t\t\t\t\t\t\t<div class=\"enigma_blog_thumb_wrapper_showcase_icons\">\r\n\t\t\t\t\t\t\t\t\t<a title=\"GeMi 630 CC &#8211; Praktisk og t\u00f8ff skjerg\u00e5rdsjeep med sterke sj\u00f8egenskaper\" href=\"https:\/\/blindleiamarine.no\/index.php\/2025\/04\/17\/gemi-630-cc-praktisk-og-toff-skjergardsjeep-med-sterke-sjoegenskaper\/\"><i class=\"fa fa-link\"><\/i><\/a>\r\n\t\t\t\t\t\t\t\t<\/div>\r\n\t\t\t\t\t\t\t<\/div>\r\n\t\t\t\t\t\t<\/div>\r\n\t\t\t\t\t<\/div>\r\n\t\t\t\t\t<h2><a href=\"https:\/\/blindleiamarine.no\/index.php\/2025\/04\/17\/gemi-630-cc-praktisk-og-toff-skjergardsjeep-med-sterke-sjoegenskaper\/\">GeMi 630 CC &#8211; Praktisk og t\u00f8ff skjerg\u00e5rdsjeep med sterke sj\u00f8egenskaper<\/a><\/h2>\r\n\t\t\t\t\t\t\t\t\t\t<p>GeMi 630 CC er en 21 fots solid, allround skj\u00e6rg\u00e5rdsjeep\/landstedb\u00e5t i aluminium som er perfekt til fiske og dagsturer med venner og famile. B\u00e5ten er bygget i h\u00f8y kvalitet og med mange gode detaljer. B\u00e5ten t\u00e5ler t\u00f8ff bruk \u00e5ret rundt, og er lett \u00e5 vedlikeholde. En rimelig b\u00e5t i sin klasse med god plass, stor30<\/p>\n\t\t\t\t\t<a href=\"https:\/\/blindleiamarine.no\/index.php\/2025\/04\/17\/gemi-630-cc-praktisk-og-toff-skjergardsjeep-med-sterke-sjoegenskaper\/\" class=\"enigma_blog_read_btn\"><i class=\"fa fa-plus-circle\"><\/i>Read More<\/a>\r\n\t\t\t\t\t<div class=\"enigma_blog_thumb_footer\">\r\n\t\t\t\t\t\t<ul class=\"enigma_blog_thumb_date\">\r\n\t\t\t\t\t\t\t<li><i class=\"fa fa-user\"><\/i><a href=\"https:\/\/blindleiamarine.no\/index.php\/author\/admin\/\">admin<\/a><\/li>\r\n\t\t\t\t\t\t\t<li><i class=\"fa fa-clock-o\"><\/i>april 17 ,2025<\/li>\r\n\t\t\t\t\t\t\t<li><i class=\"fa fa-comments-o\"><\/i><span>-<\/span><\/li>\r\n\t\t\t\t\t\t<\/ul>\r\n\t\t\t\t\t<\/div>\r\n\t\t\t\t<\/div>\r\n\t\t\t<\/div>\t\t\t<div class=\"col-sm-12 col-md-4 portfolio-item-wrapper GeMi\" >\r\n\t\t\t\t<div class=\"enigma_blog_thumb_wrapper\">\r\n\t\t\t\t\t<div class=\"enigma_blog_thumb_wrapper_showcase\">\t\t\t\t\t\r\n\t\t\t\t\t\t<img loading=\"lazy\" decoding=\"async\" width=\"340\" height=\"210\" src=\"https:\/\/blindleiamarine.no\/wp-content\/uploads\/2025\/04\/550CC-banner-340x210.jpg\" class=\"enigma_img_responsive wp-post-image\" alt=\"\" srcset=\"https:\/\/blindleiamarine.no\/wp-content\/uploads\/2025\/04\/550CC-banner-340x210.jpg 340w, https:\/\/blindleiamarine.no\/wp-content\/uploads\/2025\/04\/550CC-banner-260x160.jpg 260w, https:\/\/blindleiamarine.no\/wp-content\/uploads\/2025\/04\/550CC-banner-394x242.jpg 394w, https:\/\/blindleiamarine.no\/wp-content\/uploads\/2025\/04\/550CC-banner-252x155.jpg 252w, https:\/\/blindleiamarine.no\/wp-content\/uploads\/2025\/04\/550CC-banner-750x460.jpg 750w, https:\/\/blindleiamarine.no\/wp-content\/uploads\/2025\/04\/550CC-banner-570x350.jpg 570w\" sizes=\"auto, (max-width: 340px) 100vw, 340px\" \/>\t\t\t\t\t\t<div class=\"enigma_blog_thumb_wrapper_showcase_overlay\">\r\n\t\t\t\t\t\t\t<div class=\"enigma_blog_thumb_wrapper_showcase_overlay_inner \">\r\n\t\t\t\t\t\t\t\t<div class=\"enigma_blog_thumb_wrapper_showcase_icons\">\r\n\t\t\t\t\t\t\t\t\t<a title=\"GeMi 550 CC &#8211; Romslig b\u00e5t med gode sj\u00f8egenskaper\" href=\"https:\/\/blindleiamarine.no\/index.php\/2025\/04\/17\/gemi-550-cc-romslig-bat-med-gode-sjoegenskaper\/\"><i class=\"fa fa-link\"><\/i><\/a>\r\n\t\t\t\t\t\t\t\t<\/div>\r\n\t\t\t\t\t\t\t<\/div>\r\n\t\t\t\t\t\t<\/div>\r\n\t\t\t\t\t<\/div>\r\n\t\t\t\t\t<h2><a href=\"https:\/\/blindleiamarine.no\/index.php\/2025\/04\/17\/gemi-550-cc-romslig-bat-med-gode-sjoegenskaper\/\">GeMi 550 CC &#8211; Romslig b\u00e5t med gode sj\u00f8egenskaper<\/a><\/h2>\r\n\t\t\t\t\t\t\t\t\t\t<p>GeMi 550CC er en solid, allround aluminiumsb\u00e5t (fiske\/turb\u00e5t) p\u00e5 18 fot i h\u00f8y kvalitet og med mange gode detaljer. B\u00e5ten er bygget for bruk \u00e5ret rundt under norske forhold. En rimelig b\u00e5t i sin klasse med god plass, lastekapasitet og meget gode sj\u00f8egenskaper. Anbefalt motorst\u00f8rrelse 50-100 hk. GeMi 550 CC &#8211; M\u00e5l og spesifikasjoner Lengde30<\/p>\n\t\t\t\t\t<a href=\"https:\/\/blindleiamarine.no\/index.php\/2025\/04\/17\/gemi-550-cc-romslig-bat-med-gode-sjoegenskaper\/\" class=\"enigma_blog_read_btn\"><i class=\"fa fa-plus-circle\"><\/i>Read More<\/a>\r\n\t\t\t\t\t<div class=\"enigma_blog_thumb_footer\">\r\n\t\t\t\t\t\t<ul class=\"enigma_blog_thumb_date\">\r\n\t\t\t\t\t\t\t<li><i class=\"fa fa-user\"><\/i><a href=\"https:\/\/blindleiamarine.no\/index.php\/author\/admin\/\">admin<\/a><\/li>\r\n\t\t\t\t\t\t\t<li><i class=\"fa fa-clock-o\"><\/i>april 17 ,2025<\/li>\r\n\t\t\t\t\t\t\t<li><i class=\"fa fa-comments-o\"><\/i><span>-<\/span><\/li>\r\n\t\t\t\t\t\t<\/ul>\r\n\t\t\t\t\t<\/div>\r\n\t\t\t\t<\/div>\r\n\t\t\t<\/div>\t<\/div>\t\r\n\t\n","protected":false},"excerpt":{"rendered":"<p>MAKS B\u00c5TGLEDE &#8211; MINIMALT VEDLIKEHOLD \u00c5 ha b\u00e5t handler om frihet og glede over \u00e5 kunne ferdes sikkert p\u00e5 sj\u00f8en. Det skal v\u00e6re enkelt \u00e5 ha b\u00e5t, s\u00e5nn at man f\u00e5r mest mulig tid til \u00e5 dra p\u00e5 b\u00e5t- og fisketurer. GeMi Boats er et norsk b\u00e5tmerke som lager solide og sj\u00f8sterke aluminiumsb\u00e5ter i h\u00f8y30<\/p>\n","protected":false},"author":1,"featured_media":1426,"parent":37,"menu_order":0,"comment_status":"closed","ping_status":"closed","template":"page-fullwidth.php","meta":{"_exactmetrics_skip_tracking":false,"_exactmetrics_sitenote_active":false,"_exactmetrics_sitenote_note":"","_exactmetrics_sitenote_category":0,"footnotes":""},"class_list":["post-1424","page","type-page","status-publish","has-post-thumbnail","hentry"],"_links":{"self":[{"href":"https:\/\/blindleiamarine.no\/index.php\/wp-json\/wp\/v2\/pages\/1424","targetHints":{"allow":["GET"]}}],"collection":[{"href":"https:\/\/blindleiamarine.no\/index.php\/wp-json\/wp\/v2\/pages"}],"about":[{"href":"https:\/\/blindleiamarine.no\/index.php\/wp-json\/wp\/v2\/types\/page"}],"author":[{"embeddable":true,"href":"https:\/\/blindleiamarine.no\/index.php\/wp-json\/wp\/v2\/users\/1"}],"replies":[{"embeddable":true,"href":"https:\/\/blindleiamarine.no\/index.php\/wp-json\/wp\/v2\/comments?post=1424"}],"version-history":[{"count":2,"href":"https:\/\/blindleiamarine.no\/index.php\/wp-json\/wp\/v2\/pages\/1424\/revisions"}],"predecessor-version":[{"id":1427,"href":"https:\/\/blindleiamarine.no\/index.php\/wp-json\/wp\/v2\/pages\/1424\/revisions\/1427"}],"up":[{"embeddable":true,"href":"https:\/\/blindleiamarine.no\/index.php\/wp-json\/wp\/v2\/pages\/37"}],"wp:featuredmedia":[{"embeddable":true,"href":"https:\/\/blindleiamarine.no\/index.php\/wp-json\/wp\/v2\/media\/1426"}],"wp:attachment":[{"href":"https:\/\/blindleiamarine.no\/index.php\/wp-json\/wp\/v2\/media?parent=1424"}],"curies":[{"name":"wp","href":"https:\/\/api.w.org\/{rel}","templated":true}]}}