{"id":1464,"date":"2025-04-17T22:52:21","date_gmt":"2025-04-17T20:52:21","guid":{"rendered":"https:\/\/blindleiamarine.no\/?page_id=1464"},"modified":"2025-04-17T22:52:21","modified_gmt":"2025-04-17T20:52:21","slug":"compass-boats","status":"publish","type":"page","link":"https:\/\/blindleiamarine.no\/index.php\/bater\/compass-boats\/","title":{"rendered":"Compass Boats"},"content":{"rendered":"\n<p>For 2025 sesongen f\u00e5r vi inn et nytt b\u00e5tmerke Compass, har 2 modeller i bestilling Compass 160e og helt nye Compass 5s. Compass Boats er en europeisk b\u00e5tprodusent som har utviklet og produsert b\u00e5ter siden 1960 tallet under verdiene sikkerhet, holdbarhet, ergonomi og unik design.<\/p>\n\n\n\n<p>Compass b\u00e5dene utvikles ved bruk av 3D CAD teknologi. Alle modeller er bygget etter de seneste EU direktiver. Alle ISO standarder for design og konstruksjon er im\u00f8tesett.<\/p>\n\n\n\n<p>Prototyper er konstruert med en \u00abin house\u00bb CNC maskin som kutter blokker med en presisjon p\u00e5 1mm. Dette sikrer perfekt passform av komponenter og fantastiske sj\u00f8egenskaper grunnet perfekt speilede overflater.<\/p>\n\n\n\t\t\r\n\t<div class=\"row enigma_portfolio_page enima_photo_gallery portfolio \" id=\"isotope-portfolio-container\">\r\n\t\t\t\t<div class=\"col-sm-12 col-md-4 portfolio-item-wrapper Compass\" >\r\n\t\t\t\t<div class=\"enigma_blog_thumb_wrapper\">\r\n\t\t\t\t\t<div class=\"enigma_blog_thumb_wrapper_showcase\">\t\t\t\t\t\r\n\t\t\t\t\t\t<img loading=\"lazy\" decoding=\"async\" width=\"340\" height=\"210\" src=\"https:\/\/blindleiamarine.no\/wp-content\/uploads\/2025\/04\/5s-RenderingSide-340x210.jpg\" class=\"enigma_img_responsive wp-post-image\" alt=\"\" srcset=\"https:\/\/blindleiamarine.no\/wp-content\/uploads\/2025\/04\/5s-RenderingSide-340x210.jpg 340w, https:\/\/blindleiamarine.no\/wp-content\/uploads\/2025\/04\/5s-RenderingSide-260x160.jpg 260w, https:\/\/blindleiamarine.no\/wp-content\/uploads\/2025\/04\/5s-RenderingSide-394x242.jpg 394w, https:\/\/blindleiamarine.no\/wp-content\/uploads\/2025\/04\/5s-RenderingSide-252x155.jpg 252w, https:\/\/blindleiamarine.no\/wp-content\/uploads\/2025\/04\/5s-RenderingSide-750x460.jpg 750w, https:\/\/blindleiamarine.no\/wp-content\/uploads\/2025\/04\/5s-RenderingSide-570x350.jpg 570w\" sizes=\"auto, (max-width: 340px) 100vw, 340px\" \/>\t\t\t\t\t\t<div class=\"enigma_blog_thumb_wrapper_showcase_overlay\">\r\n\t\t\t\t\t\t\t<div class=\"enigma_blog_thumb_wrapper_showcase_overlay_inner \">\r\n\t\t\t\t\t\t\t\t<div class=\"enigma_blog_thumb_wrapper_showcase_icons\">\r\n\t\t\t\t\t\t\t\t\t<a title=\"Compass 5s\" href=\"https:\/\/blindleiamarine.no\/index.php\/2025\/04\/17\/compass-5s\/\"><i class=\"fa fa-link\"><\/i><\/a>\r\n\t\t\t\t\t\t\t\t<\/div>\r\n\t\t\t\t\t\t\t<\/div>\r\n\t\t\t\t\t\t<\/div>\r\n\t\t\t\t\t<\/div>\r\n\t\t\t\t\t<h2><a href=\"https:\/\/blindleiamarine.no\/index.php\/2025\/04\/17\/compass-5s\/\">Compass 5s<\/a><\/h2>\r\n\t\t\t\t\t\t\t\t\t\t<p>Compass 5s er s\u00e5 ny at vi forel\u00f8pig vet ganske lite om den, og det er forel\u00f8pig lite bilder tilgjengelig, men det kommer en 5s til Blindleia Marine v\u00e5ren 2025. Det enkle er ofte det beste! Nyheten Compass 5e er en moderne og brukervennlig skj\u00e6rg\u00e5rdsjeep\/landstedb\u00e5t som viser innovativ produksjon i kombinasjon med delikate detaljer og30<\/p>\n\t\t\t\t\t<a href=\"https:\/\/blindleiamarine.no\/index.php\/2025\/04\/17\/compass-5s\/\" class=\"enigma_blog_read_btn\"><i class=\"fa fa-plus-circle\"><\/i>Read More<\/a>\r\n\t\t\t\t\t<div class=\"enigma_blog_thumb_footer\">\r\n\t\t\t\t\t\t<ul class=\"enigma_blog_thumb_date\">\r\n\t\t\t\t\t\t\t<li><i class=\"fa fa-user\"><\/i><a href=\"https:\/\/blindleiamarine.no\/index.php\/author\/admin\/\">admin<\/a><\/li>\r\n\t\t\t\t\t\t\t<li><i class=\"fa fa-clock-o\"><\/i>april 17 ,2025<\/li>\r\n\t\t\t\t\t\t\t<li><i class=\"fa fa-comments-o\"><\/i><span>-<\/span><\/li>\r\n\t\t\t\t\t\t<\/ul>\r\n\t\t\t\t\t<\/div>\r\n\t\t\t\t<\/div>\r\n\t\t\t<\/div>\t\t\t<div class=\"col-sm-12 col-md-4 portfolio-item-wrapper Compass\" >\r\n\t\t\t\t<div class=\"enigma_blog_thumb_wrapper\">\r\n\t\t\t\t\t<div class=\"enigma_blog_thumb_wrapper_showcase\">\t\t\t\t\t\r\n\t\t\t\t\t\t<img loading=\"lazy\" decoding=\"async\" width=\"340\" height=\"210\" src=\"https:\/\/blindleiamarine.no\/wp-content\/uploads\/2025\/04\/Banner2-340x210.jpg\" class=\"enigma_img_responsive wp-post-image\" alt=\"\" srcset=\"https:\/\/blindleiamarine.no\/wp-content\/uploads\/2025\/04\/Banner2-340x210.jpg 340w, https:\/\/blindleiamarine.no\/wp-content\/uploads\/2025\/04\/Banner2-260x160.jpg 260w, https:\/\/blindleiamarine.no\/wp-content\/uploads\/2025\/04\/Banner2-394x242.jpg 394w, https:\/\/blindleiamarine.no\/wp-content\/uploads\/2025\/04\/Banner2-252x155.jpg 252w, https:\/\/blindleiamarine.no\/wp-content\/uploads\/2025\/04\/Banner2-750x460.jpg 750w, https:\/\/blindleiamarine.no\/wp-content\/uploads\/2025\/04\/Banner2-570x350.jpg 570w\" sizes=\"auto, (max-width: 340px) 100vw, 340px\" \/>\t\t\t\t\t\t<div class=\"enigma_blog_thumb_wrapper_showcase_overlay\">\r\n\t\t\t\t\t\t\t<div class=\"enigma_blog_thumb_wrapper_showcase_overlay_inner \">\r\n\t\t\t\t\t\t\t\t<div class=\"enigma_blog_thumb_wrapper_showcase_icons\">\r\n\t\t\t\t\t\t\t\t\t<a title=\"Compass 160e\" href=\"https:\/\/blindleiamarine.no\/index.php\/2025\/04\/17\/compass-160e\/\"><i class=\"fa fa-link\"><\/i><\/a>\r\n\t\t\t\t\t\t\t\t<\/div>\r\n\t\t\t\t\t\t\t<\/div>\r\n\t\t\t\t\t\t<\/div>\r\n\t\t\t\t\t<\/div>\r\n\t\t\t\t\t<h2><a href=\"https:\/\/blindleiamarine.no\/index.php\/2025\/04\/17\/compass-160e\/\">Compass 160e<\/a><\/h2>\r\n\t\t\t\t\t\t\t\t\t\t<p>Det enkle er ofte det beste! Nyheten Compass 160e er en moderne og brukervennlig skj\u00e6rg\u00e5rdsjeep\/landstedb\u00e5t som viser innovativ produksjon i kombinasjon med delikate detaljer og ergonomisk design. Skroget er ekstremt effektivt og gir et optimalt utgangspunkt for bruk med mindre Mercury p\u00e5hengsmotorer for den yngre b\u00e5tbrukerne. Compass 160e har et meget h\u00f8yt fribord og en30<\/p>\n\t\t\t\t\t<a href=\"https:\/\/blindleiamarine.no\/index.php\/2025\/04\/17\/compass-160e\/\" class=\"enigma_blog_read_btn\"><i class=\"fa fa-plus-circle\"><\/i>Read More<\/a>\r\n\t\t\t\t\t<div class=\"enigma_blog_thumb_footer\">\r\n\t\t\t\t\t\t<ul class=\"enigma_blog_thumb_date\">\r\n\t\t\t\t\t\t\t<li><i class=\"fa fa-user\"><\/i><a href=\"https:\/\/blindleiamarine.no\/index.php\/author\/admin\/\">admin<\/a><\/li>\r\n\t\t\t\t\t\t\t<li><i class=\"fa fa-clock-o\"><\/i>april 17 ,2025<\/li>\r\n\t\t\t\t\t\t\t<li><i class=\"fa fa-comments-o\"><\/i><span>-<\/span><\/li>\r\n\t\t\t\t\t\t<\/ul>\r\n\t\t\t\t\t<\/div>\r\n\t\t\t\t<\/div>\r\n\t\t\t<\/div>\t<\/div>\t\r\n\t\n","protected":false},"excerpt":{"rendered":"<p>For 2025 sesongen f\u00e5r vi inn et nytt b\u00e5tmerke Compass, har 2 modeller i bestilling Compass 160e og helt nye Compass 5s. Compass Boats er en europeisk b\u00e5tprodusent som har utviklet og produsert b\u00e5ter siden 1960 tallet under verdiene sikkerhet, holdbarhet, ergonomi og unik design. Compass b\u00e5dene utvikles ved bruk av 3D CAD teknologi. Alle30<\/p>\n","protected":false},"author":1,"featured_media":1465,"parent":37,"menu_order":0,"comment_status":"closed","ping_status":"closed","template":"page-fullwidth.php","meta":{"_exactmetrics_skip_tracking":false,"_exactmetrics_sitenote_active":false,"_exactmetrics_sitenote_note":"","_exactmetrics_sitenote_category":0,"footnotes":""},"class_list":["post-1464","page","type-page","status-publish","has-post-thumbnail","hentry"],"_links":{"self":[{"href":"https:\/\/blindleiamarine.no\/index.php\/wp-json\/wp\/v2\/pages\/1464","targetHints":{"allow":["GET"]}}],"collection":[{"href":"https:\/\/blindleiamarine.no\/index.php\/wp-json\/wp\/v2\/pages"}],"about":[{"href":"https:\/\/blindleiamarine.no\/index.php\/wp-json\/wp\/v2\/types\/page"}],"author":[{"embeddable":true,"href":"https:\/\/blindleiamarine.no\/index.php\/wp-json\/wp\/v2\/users\/1"}],"replies":[{"embeddable":true,"href":"https:\/\/blindleiamarine.no\/index.php\/wp-json\/wp\/v2\/comments?post=1464"}],"version-history":[{"count":1,"href":"https:\/\/blindleiamarine.no\/index.php\/wp-json\/wp\/v2\/pages\/1464\/revisions"}],"predecessor-version":[{"id":1466,"href":"https:\/\/blindleiamarine.no\/index.php\/wp-json\/wp\/v2\/pages\/1464\/revisions\/1466"}],"up":[{"embeddable":true,"href":"https:\/\/blindleiamarine.no\/index.php\/wp-json\/wp\/v2\/pages\/37"}],"wp:featuredmedia":[{"embeddable":true,"href":"https:\/\/blindleiamarine.no\/index.php\/wp-json\/wp\/v2\/media\/1465"}],"wp:attachment":[{"href":"https:\/\/blindleiamarine.no\/index.php\/wp-json\/wp\/v2\/media?parent=1464"}],"curies":[{"name":"wp","href":"https:\/\/api.w.org\/{rel}","templated":true}]}}