{"id":2,"date":"2015-07-13T12:26:24","date_gmt":"2015-07-13T10:26:24","guid":{"rendered":"http:\/\/www.blindleiamarine.no\/?page_id=2"},"modified":"2025-04-17T23:14:17","modified_gmt":"2025-04-17T21:14:17","slug":"hva-gjor-vi","status":"publish","type":"page","link":"https:\/\/blindleiamarine.no\/index.php\/hva-gjor-vi\/","title":{"rendered":"Hva gj\u00f8r vi"},"content":{"rendered":"\n<p>Blindleia Marine ble stiftet i 2011 av H\u00e5vard Mathisen, og har siden dette hjulpet b\u00e5tfolket i Blindleia. Vi holder til p\u00e5 Vallesverdmyra like ved&nbsp; Blindleia i H\u00f8v\u00e5g. Vi utf\u00f8rer b\u00e5t- og motorreparasjoner, og service p\u00e5 motorer. Vi utf\u00f8rer ogs\u00e5 \u00e5rlig vedlikehold som vask, bunnsm\u00f8ring og polering. Vi utbedrer plast skader, og tar p\u00e5 oss oppdrag fra forsikringsselskapene. Blindleia Marine A\/S selger ogs\u00e5 b\u00e5ter, motorer og utstyr. Vi er forhandlere av b\u00e5ter som River, Terhi, Compass, GeMi, Suzumar, Linder, Highfield og UMS samt Honda, Suzuki og Tohatsu p\u00e5hengsmotorer. Vi selger ogs\u00e5 noe b\u00e5tutstyr og rekvisita, slik som Garmin og Securmark.<\/p>\n\n\n\n<p><strong>Vi tilbyr oppgradering og vedlikehold av b\u00e5ten din<\/strong><\/p>\n\n\n\n<p>Polering: For \u00e5 holde b\u00e5ten fin og blank er det lurt og polerer b\u00e5ten jevnlig. Vi utf\u00f8rer polering med produkter av h\u00f8y kvalitet. Etter flere \u00e5rs utpr\u00f8ving har vi n\u00e5 funnet produkter vi er sv\u00e6rt forn\u00f8yd med, men vi er alltid p\u00e5 jakt etter noe som fungerer enn\u00e5 bedre.<\/p>\n\n\n\n<p>Rubbing: Hvis b\u00e5ten din er falmet og har mistet glansen, s\u00e5 kan en full rubbing gj\u00f8re underverker. Da bruker vi maskiner og produkter som f\u00e5r tilbake mer glans og farge. Etter rubbing m\u00e5 vi alltid polere for \u00e5 beholde farge og glans.<\/p>\n\n\n\n<p>Stoffing\/ bunnsm\u00f8ring: Det er viktig med bunnstoff p\u00e5 b\u00e5ten slik at det ikke begynner \u00e5 gro under b\u00e5ten. F\u00e5r man mye alger og ru under b\u00e5ten, vil dette senke farten og \u00f8ke drivstofforbruket. Vi har bunnstoff i ulike farger, og har etter utpr\u00f8ving n\u00e5 funnet v\u00e5r favoritt. Vi kan ogs\u00e5 pusse og prime nye b\u00e5ter som ikke har bunnstoff fra f\u00f8r.<\/p>\n\n\n\n<p>Ta kontakt for pris.<\/p>\n\n\n\n<p><strong>Vi tilbyr vedlikehold av motoren din<\/strong><\/p>\n\n\n\n<p>Service<\/p>\n\n\n\n<p>Reparasjon<\/p>\n\n\n\n<p>Vi forhandler og reparerer Honda, Suzuki og Tohatsu p\u00e5hengsmotorer. Men vi har bred erfaring ogs\u00e5 fra andre motorer, og reparerer ogs\u00e5 andre merker selv om vi ikke er forhandler av dem.<\/p>\n\n\n\n<p><strong>Vi selger nye b\u00e5ter<\/strong><\/p>\n\n\n\n<p>\u00d8nsker du \u00e5 fornye deg, eller kj\u00f8pe b\u00e5t. S\u00e5 hjelper vi deg veldig gjerne med det. Vi har ulike typer b\u00e5ter til ulik bruk.<\/p>\n\n\n\n<p>\u00a0<a href=\"http:\/\/www.blindleiamarine.no\/index.php\/bater\/terhi\/\">Terhi<\/a><\/p>\n\n\n\n<p><a href=\"http:\/\/www.blindleiamarine.no\/index.php\/bater\/river\/\">River<\/a><\/p>\n\n\n\n<p><a href=\"https:\/\/blindleiamarine.no\/index.php\/bater\/compass-boats\/\" data-type=\"page\" data-id=\"1464\">Compass<\/a><\/p>\n\n\n\n<p><a href=\"https:\/\/blindleiamarine.no\/index.php\/bater\/gemi-boats\/\" data-type=\"page\" data-id=\"1424\">GeMi<\/a><\/p>\n\n\n\n<p><a href=\"https:\/\/blindleiamarine.no\/index.php\/bater\/suzumar\/\" data-type=\"page\" data-id=\"1421\">Suzumar<\/a><\/p>\n\n\n\n<p><a href=\"https:\/\/blindleiamarine.no\/index.php\/bater\/linder\/\" data-type=\"page\" data-id=\"1418\">Linder<\/a><\/p>\n\n\n\n<p><a href=\"https:\/\/blindleiamarine.no\/index.php\/bater\/linder\/\" data-type=\"page\" data-id=\"1418\">Highfield<\/a><\/p>\n\n\n\n<p><a href=\"https:\/\/blindleiamarine.no\/index.php\/bater\/ums-bater\/\" data-type=\"page\" data-id=\"1125\">UMS<\/a><\/p>\n\n\n\n<p><strong>Vi selger nye motorer<\/strong><\/p>\n\n\n\n<p><a href=\"http:\/\/www.blindleiamarine.no\/index.php\/motorer\/honda\/\">Honda<\/a><\/p>\n\n\n\n<p><a href=\"http:\/\/www.blindleiamarine.no\/index.php\/motorer\/tohatsu\/\">Tohatsu<\/a><\/p>\n\n\n\n<p><a href=\"https:\/\/blindleiamarine.no\/index.php\/motorer\/suzuki\/\" data-type=\"page\" data-id=\"1201\">Suzuki<\/a><\/p>\n\n\n\n<p><strong>Vi selger og monterer nytt utstyr<\/strong><\/p>\n\n\n\n<p>Garmin kartplotter<\/p>\n\n\n\n<p>Securmark<\/p>\n","protected":false},"excerpt":{"rendered":"<p>Blindleia Marine ble stiftet i 2011 av H\u00e5vard Mathisen, og har siden dette hjulpet b\u00e5tfolket i Blindleia. Vi holder til p\u00e5 Vallesverdmyra like ved&nbsp; Blindleia i H\u00f8v\u00e5g. Vi utf\u00f8rer b\u00e5t- og motorreparasjoner, og service p\u00e5 motorer. Vi utf\u00f8rer ogs\u00e5 \u00e5rlig vedlikehold som vask, bunnsm\u00f8ring og polering. Vi utbedrer plast skader, og tar p\u00e5 oss oppdrag30<\/p>\n","protected":false},"author":1,"featured_media":1394,"parent":0,"menu_order":0,"comment_status":"closed","ping_status":"open","template":"page-fullwidth.php","meta":{"_exactmetrics_skip_tracking":false,"_exactmetrics_sitenote_active":false,"_exactmetrics_sitenote_note":"","_exactmetrics_sitenote_category":0,"footnotes":""},"class_list":["post-2","page","type-page","status-publish","has-post-thumbnail","hentry"],"_links":{"self":[{"href":"https:\/\/blindleiamarine.no\/index.php\/wp-json\/wp\/v2\/pages\/2","targetHints":{"allow":["GET"]}}],"collection":[{"href":"https:\/\/blindleiamarine.no\/index.php\/wp-json\/wp\/v2\/pages"}],"about":[{"href":"https:\/\/blindleiamarine.no\/index.php\/wp-json\/wp\/v2\/types\/page"}],"author":[{"embeddable":true,"href":"https:\/\/blindleiamarine.no\/index.php\/wp-json\/wp\/v2\/users\/1"}],"replies":[{"embeddable":true,"href":"https:\/\/blindleiamarine.no\/index.php\/wp-json\/wp\/v2\/comments?post=2"}],"version-history":[{"count":6,"href":"https:\/\/blindleiamarine.no\/index.php\/wp-json\/wp\/v2\/pages\/2\/revisions"}],"predecessor-version":[{"id":1474,"href":"https:\/\/blindleiamarine.no\/index.php\/wp-json\/wp\/v2\/pages\/2\/revisions\/1474"}],"wp:featuredmedia":[{"embeddable":true,"href":"https:\/\/blindleiamarine.no\/index.php\/wp-json\/wp\/v2\/media\/1394"}],"wp:attachment":[{"href":"https:\/\/blindleiamarine.no\/index.php\/wp-json\/wp\/v2\/media?parent=2"}],"curies":[{"name":"wp","href":"https:\/\/api.w.org\/{rel}","templated":true}]}}