{"id":37,"date":"2015-09-21T00:57:52","date_gmt":"2015-09-20T22:57:52","guid":{"rendered":"http:\/\/www.blindleiamarine.no\/?page_id=37"},"modified":"2025-04-17T23:01:57","modified_gmt":"2025-04-17T21:01:57","slug":"bater","status":"publish","type":"page","link":"https:\/\/blindleiamarine.no\/index.php\/bater\/","title":{"rendered":"B\u00e5ter"},"content":{"rendered":"<p>Blindleia Marine f\u00f8rer kvalitetsb\u00e5ter fra <a href=\"http:\/\/www.blindleiamarine.no\/index.php\/bater\/terhi\/\">Terhi<\/a>, <a href=\"http:\/\/www.blindleiamarine.no\/index.php\/bater\/river\/\">River<\/a>, <a href=\"https:\/\/blindleiamarine.no\/index.php\/bater\/compass-boats\/\">Compass<\/a>, <a href=\"https:\/\/blindleiamarine.no\/index.php\/bater\/linder\/\">Linder<\/a>, <a href=\"https:\/\/blindleiamarine.no\/index.php\/bater\/suzumar\/\">Suzumar<\/a>, <a href=\"https:\/\/blindleiamarine.no\/index.php\/bater\/gemi-boats\/\">GeMi<\/a>,\u00a0 <a href=\"http:\/\/www.blindleiamarine.no\/index.php\/bater\/highfield\/\">Highfield<\/a> og <a href=\"https:\/\/blindleiamarine.no\/index.php\/bater\/ums-bater\/\">UMS<\/a>. Velg merke under for \u00e5 se n\u00e6rmere p\u00e5 v\u00e5re b\u00e5ter.<\/p>\n<div class=\"row\"><div class=\"col-md-4\"><p><\/p>\n<p style=\"text-align: center;\"><a href=\"http:\/\/www.blindleiamarine.no\/index.php\/bater\/river\/\"><img loading=\"lazy\" decoding=\"async\" class=\"alignnone size-medium wp-image-940\" src=\"http:\/\/www.blindleiamarine.no\/wp-content\/uploads\/2021\/03\/River460-1-300x225.jpg\" alt=\"\" width=\"300\" height=\"225\" srcset=\"https:\/\/blindleiamarine.no\/wp-content\/uploads\/2021\/03\/River460-1-300x225.jpg 300w, https:\/\/blindleiamarine.no\/wp-content\/uploads\/2021\/03\/River460-1-768x576.jpg 768w, https:\/\/blindleiamarine.no\/wp-content\/uploads\/2021\/03\/River460-1-1024x768.jpg 1024w, https:\/\/blindleiamarine.no\/wp-content\/uploads\/2021\/03\/River460-1.jpg 1152w\" sizes=\"auto, (max-width: 300px) 100vw, 300px\" \/><\/a><\/p>\n<p style=\"text-align: center;\"><a href=\"http:\/\/www.blindleiamarine.no\/index.php\/bater\/river\/\">River<\/a><\/p>\n<p><\/p><\/div><div class=\"col-md-4\"><p><\/p>\n<p style=\"text-align: center;\"><a href=\"http:\/\/www.blindleiamarine.no\/wp-content\/uploads\/2015\/12\/Terhi-400_3.jpg\" rel=\"attachment wp-att-258\"><img loading=\"lazy\" decoding=\"async\" class=\"alignnone size-medium wp-image-258\" src=\"http:\/\/www.blindleiamarine.no\/wp-content\/uploads\/2015\/12\/Terhi-400_3-300x200.jpg\" alt=\"Terhi 400_3\" width=\"300\" height=\"200\" srcset=\"https:\/\/blindleiamarine.no\/wp-content\/uploads\/2015\/12\/Terhi-400_3-300x200.jpg 300w, https:\/\/blindleiamarine.no\/wp-content\/uploads\/2015\/12\/Terhi-400_3-768x512.jpg 768w, https:\/\/blindleiamarine.no\/wp-content\/uploads\/2015\/12\/Terhi-400_3-1024x683.jpg 1024w, https:\/\/blindleiamarine.no\/wp-content\/uploads\/2015\/12\/Terhi-400_3.jpg 1600w\" sizes=\"auto, (max-width: 300px) 100vw, 300px\" \/><\/a><\/p>\n<p style=\"text-align: center;\"><a href=\"http:\/\/www.blindleiamarine.no\/index.php\/bater\/terhi\/\">Terhi<\/a><\/p>\n<p><\/p><\/div><div class=\"col-md-4\"><p><\/p>\n<p><a href=\"https:\/\/blindleiamarine.no\/index.php\/bater\/compass-boats\/\"><img loading=\"lazy\" decoding=\"async\" class=\"aligncenter wp-image-1468 size-medium\" src=\"https:\/\/blindleiamarine.no\/wp-content\/uploads\/2025\/04\/FullSpeed-300x168.jpg\" alt=\"\" width=\"300\" height=\"168\" srcset=\"https:\/\/blindleiamarine.no\/wp-content\/uploads\/2025\/04\/FullSpeed-300x168.jpg 300w, https:\/\/blindleiamarine.no\/wp-content\/uploads\/2025\/04\/FullSpeed.jpg 707w\" sizes=\"auto, (max-width: 300px) 100vw, 300px\" \/><\/a><\/p>\n<p style=\"text-align: center;\"><a href=\"https:\/\/blindleiamarine.no\/index.php\/bater\/compass-boats\/\">Compass Boats<\/a><\/p>\n<p><\/p><\/div><\/div>\n<div class=\"row\"><div class=\"col-md-4\"><p><\/p>\n<p><a href=\"https:\/\/blindleiamarine.no\/index.php\/bater\/gemi-boats\/\"><img loading=\"lazy\" decoding=\"async\" class=\"aligncenter wp-image-1433 size-medium\" src=\"https:\/\/blindleiamarine.no\/wp-content\/uploads\/2025\/04\/Gemi530CC_13-300x225.jpg\" alt=\"\" width=\"300\" height=\"225\" srcset=\"https:\/\/blindleiamarine.no\/wp-content\/uploads\/2025\/04\/Gemi530CC_13-300x225.jpg 300w, https:\/\/blindleiamarine.no\/wp-content\/uploads\/2025\/04\/Gemi530CC_13-768x576.jpg 768w, https:\/\/blindleiamarine.no\/wp-content\/uploads\/2025\/04\/Gemi530CC_13.jpg 1000w\" sizes=\"auto, (max-width: 300px) 100vw, 300px\" \/><\/a><\/p>\n<p style=\"text-align: center;\"><a href=\"https:\/\/blindleiamarine.no\/index.php\/bater\/gemi-boats\/\">GeMi Boats<\/a><\/p>\n<p><\/p><\/div><div class=\"col-md-4\"><p><\/p>\n<p style=\"text-align: center;\"><a href=\"https:\/\/blindleiamarine.no\/index.php\/bater\/suzumar\/\"><img loading=\"lazy\" decoding=\"async\" class=\"aligncenter wp-image-1462 size-medium\" src=\"https:\/\/blindleiamarine.no\/wp-content\/uploads\/2025\/04\/08bc89e8-7c6e-434e-9ace-852a47067a87-300x225.webp\" alt=\"\" width=\"300\" height=\"225\" srcset=\"https:\/\/blindleiamarine.no\/wp-content\/uploads\/2025\/04\/08bc89e8-7c6e-434e-9ace-852a47067a87-300x225.webp 300w, https:\/\/blindleiamarine.no\/wp-content\/uploads\/2025\/04\/08bc89e8-7c6e-434e-9ace-852a47067a87-1024x768.webp 1024w, https:\/\/blindleiamarine.no\/wp-content\/uploads\/2025\/04\/08bc89e8-7c6e-434e-9ace-852a47067a87-768x576.webp 768w, https:\/\/blindleiamarine.no\/wp-content\/uploads\/2025\/04\/08bc89e8-7c6e-434e-9ace-852a47067a87-1536x1152.webp 1536w, https:\/\/blindleiamarine.no\/wp-content\/uploads\/2025\/04\/08bc89e8-7c6e-434e-9ace-852a47067a87.webp 2000w\" sizes=\"auto, (max-width: 300px) 100vw, 300px\" \/><\/a><\/p>\n<p style=\"text-align: center;\"><a href=\"https:\/\/blindleiamarine.no\/index.php\/bater\/suzumar\/\">Suzumar<\/a><\/p>\n<p><\/p><\/div><div class=\"col-md-4\"><p><\/p>\n<p style=\"text-align: center;\"><a href=\"https:\/\/blindleiamarine.no\/index.php\/bater\/linder\/\"><img loading=\"lazy\" decoding=\"async\" class=\"alignnone wp-image-1463 size-medium\" src=\"https:\/\/blindleiamarine.no\/wp-content\/uploads\/2025\/04\/fb12885c-b5dc-4560-ad2b-978360b130be-300x200.webp\" alt=\"\" width=\"300\" height=\"200\" srcset=\"https:\/\/blindleiamarine.no\/wp-content\/uploads\/2025\/04\/fb12885c-b5dc-4560-ad2b-978360b130be-300x200.webp 300w, https:\/\/blindleiamarine.no\/wp-content\/uploads\/2025\/04\/fb12885c-b5dc-4560-ad2b-978360b130be-1024x682.webp 1024w, https:\/\/blindleiamarine.no\/wp-content\/uploads\/2025\/04\/fb12885c-b5dc-4560-ad2b-978360b130be-768x512.webp 768w, https:\/\/blindleiamarine.no\/wp-content\/uploads\/2025\/04\/fb12885c-b5dc-4560-ad2b-978360b130be-1536x1024.webp 1536w, https:\/\/blindleiamarine.no\/wp-content\/uploads\/2025\/04\/fb12885c-b5dc-4560-ad2b-978360b130be.webp 2000w\" sizes=\"auto, (max-width: 300px) 100vw, 300px\" \/><\/a><\/p>\n<p style=\"text-align: center;\"><a href=\"https:\/\/blindleiamarine.no\/index.php\/bater\/linder\/\">Linder<\/a><\/p>\n<p><\/p><\/div><\/div>\n<div class=\"row\"><div class=\"col-md-4\"><p><\/p>\n<p><img loading=\"lazy\" decoding=\"async\" class=\"alignnone size-medium wp-image-1034 aligncenter\" src=\"http:\/\/www.blindleiamarine.no\/wp-content\/uploads\/2021\/03\/3-300x200.jpeg\" alt=\"\" width=\"300\" height=\"200\" srcset=\"https:\/\/blindleiamarine.no\/wp-content\/uploads\/2021\/03\/3-300x200.jpeg 300w, https:\/\/blindleiamarine.no\/wp-content\/uploads\/2021\/03\/3-768x512.jpeg 768w, https:\/\/blindleiamarine.no\/wp-content\/uploads\/2021\/03\/3-1024x683.jpeg 1024w, https:\/\/blindleiamarine.no\/wp-content\/uploads\/2021\/03\/3.jpeg 1200w\" sizes=\"auto, (max-width: 300px) 100vw, 300px\" \/><\/p>\n<p style=\"text-align: center;\"><a href=\"http:\/\/www.blindleiamarine.no\/index.php\/bater\/highfield\/\">Highfield<\/a><\/p>\n<p><\/p><\/div><div class=\"col-md-4\"><p><\/p>\n<p><a href=\"https:\/\/blindleiamarine.no\/index.php\/bater\/ums-bater\/\"><img loading=\"lazy\" decoding=\"async\" class=\"aligncenter wp-image-1128 size-medium\" src=\"https:\/\/blindleiamarine.no\/wp-content\/uploads\/2022\/05\/UMS585DC-300x169.jpg\" alt=\"\" width=\"300\" height=\"169\" srcset=\"https:\/\/blindleiamarine.no\/wp-content\/uploads\/2022\/05\/UMS585DC-300x169.jpg 300w, https:\/\/blindleiamarine.no\/wp-content\/uploads\/2022\/05\/UMS585DC-1024x576.jpg 1024w, https:\/\/blindleiamarine.no\/wp-content\/uploads\/2022\/05\/UMS585DC-768x432.jpg 768w, https:\/\/blindleiamarine.no\/wp-content\/uploads\/2022\/05\/UMS585DC-1536x864.jpg 1536w, https:\/\/blindleiamarine.no\/wp-content\/uploads\/2022\/05\/UMS585DC-2048x1152.jpg 2048w\" sizes=\"auto, (max-width: 300px) 100vw, 300px\" \/><\/a><\/p>\n<p style=\"text-align: center;\"><a href=\"https:\/\/blindleiamarine.no\/index.php\/bater\/ums-bater\/\">UMS Boats<\/a><\/p>\n<p><\/p><\/div><\/p>\n<p><\/div>\n","protected":false},"excerpt":{"rendered":"<p>Blindleia Marine f\u00f8rer kvalitetsb\u00e5ter fra Terhi, River, Compass, Linder, Suzumar, GeMi,\u00a0 Highfield og UMS. Velg merke under for \u00e5 se n\u00e6rmere p\u00e5 v\u00e5re b\u00e5ter.<\/p>\n","protected":false},"author":1,"featured_media":1294,"parent":0,"menu_order":0,"comment_status":"closed","ping_status":"closed","template":"page-fullwidth.php","meta":{"_exactmetrics_skip_tracking":false,"_exactmetrics_sitenote_active":false,"_exactmetrics_sitenote_note":"","_exactmetrics_sitenote_category":0,"footnotes":""},"class_list":["post-37","page","type-page","status-publish","has-post-thumbnail","hentry"],"_links":{"self":[{"href":"https:\/\/blindleiamarine.no\/index.php\/wp-json\/wp\/v2\/pages\/37","targetHints":{"allow":["GET"]}}],"collection":[{"href":"https:\/\/blindleiamarine.no\/index.php\/wp-json\/wp\/v2\/pages"}],"about":[{"href":"https:\/\/blindleiamarine.no\/index.php\/wp-json\/wp\/v2\/types\/page"}],"author":[{"embeddable":true,"href":"https:\/\/blindleiamarine.no\/index.php\/wp-json\/wp\/v2\/users\/1"}],"replies":[{"embeddable":true,"href":"https:\/\/blindleiamarine.no\/index.php\/wp-json\/wp\/v2\/comments?post=37"}],"version-history":[{"count":12,"href":"https:\/\/blindleiamarine.no\/index.php\/wp-json\/wp\/v2\/pages\/37\/revisions"}],"predecessor-version":[{"id":1469,"href":"https:\/\/blindleiamarine.no\/index.php\/wp-json\/wp\/v2\/pages\/37\/revisions\/1469"}],"wp:featuredmedia":[{"embeddable":true,"href":"https:\/\/blindleiamarine.no\/index.php\/wp-json\/wp\/v2\/media\/1294"}],"wp:attachment":[{"href":"https:\/\/blindleiamarine.no\/index.php\/wp-json\/wp\/v2\/media?parent=37"}],"curies":[{"name":"wp","href":"https:\/\/api.w.org\/{rel}","templated":true}]}}