{"id":517,"date":"2017-03-05T23:52:39","date_gmt":"2017-03-05T22:52:39","guid":{"rendered":"http:\/\/www.blindleiamarine.no\/?page_id=517"},"modified":"2025-04-17T10:20:44","modified_gmt":"2025-04-17T08:20:44","slug":"river","status":"publish","type":"page","link":"https:\/\/blindleiamarine.no\/index.php\/bater\/river\/","title":{"rendered":"River"},"content":{"rendered":"<p>River Boats representerer nytenking innen design og produktutvikling<\/p>\n<p>River produseres av Rotost\u00f8p AS, som ble etablert i 1995 og er blitt en av Norges st\u00f8rste produsent av rotasjonsst\u00f8pte b\u00e5ter i polyetylen.<\/p>\n<p>Rotost\u00f8p AS har en ekspansiv utviklingsstrategi med stadig nye modeller under utvikling. Alle v\u00e5re b\u00e5ter er utviklet med hensyn til sikkerhet og stabilitet, og er dermed det ypperste p\u00e5 markedet. Naturligvis etter offentlige myndigheters krav og iht. fritidsb\u00e5tdirektivets bestemmelser.<\/p>\n<p>Rivers vennlige og dynamiske formspr\u00e5k er designet p\u00e5 brukernes premisser, enten det er til sport og fritid, jakt og fiske eller til bruk som slepejolle.<\/p>\n\t\t\r\n\t<div class=\"row enigma_portfolio_page enima_photo_gallery portfolio \" id=\"isotope-portfolio-container\">\r\n\t\t\t\t<div class=\"col-sm-12 col-md-4 portfolio-item-wrapper River\" >\r\n\t\t\t\t<div class=\"enigma_blog_thumb_wrapper\">\r\n\t\t\t\t\t<div class=\"enigma_blog_thumb_wrapper_showcase\">\t\t\t\t\t\r\n\t\t\t\t\t\t<img loading=\"lazy\" decoding=\"async\" width=\"340\" height=\"210\" src=\"https:\/\/blindleiamarine.no\/wp-content\/uploads\/2025\/04\/2024-04-22_11-42-08-340x210.jpg\" class=\"enigma_img_responsive wp-post-image\" alt=\"\" srcset=\"https:\/\/blindleiamarine.no\/wp-content\/uploads\/2025\/04\/2024-04-22_11-42-08-340x210.jpg 340w, https:\/\/blindleiamarine.no\/wp-content\/uploads\/2025\/04\/2024-04-22_11-42-08-260x160.jpg 260w, https:\/\/blindleiamarine.no\/wp-content\/uploads\/2025\/04\/2024-04-22_11-42-08-394x242.jpg 394w, https:\/\/blindleiamarine.no\/wp-content\/uploads\/2025\/04\/2024-04-22_11-42-08-252x155.jpg 252w, https:\/\/blindleiamarine.no\/wp-content\/uploads\/2025\/04\/2024-04-22_11-42-08-750x460.jpg 750w, https:\/\/blindleiamarine.no\/wp-content\/uploads\/2025\/04\/2024-04-22_11-42-08-570x350.jpg 570w\" sizes=\"auto, (max-width: 340px) 100vw, 340px\" \/>\t\t\t\t\t\t<div class=\"enigma_blog_thumb_wrapper_showcase_overlay\">\r\n\t\t\t\t\t\t\t<div class=\"enigma_blog_thumb_wrapper_showcase_overlay_inner \">\r\n\t\t\t\t\t\t\t\t<div class=\"enigma_blog_thumb_wrapper_showcase_icons\">\r\n\t\t\t\t\t\t\t\t\t<a title=\"River 650 Korkyra\" href=\"https:\/\/blindleiamarine.no\/index.php\/2025\/04\/17\/river\/\"><i class=\"fa fa-link\"><\/i><\/a>\r\n\t\t\t\t\t\t\t\t<\/div>\r\n\t\t\t\t\t\t\t<\/div>\r\n\t\t\t\t\t\t<\/div>\r\n\t\t\t\t\t<\/div>\r\n\t\t\t\t\t<h2><a href=\"https:\/\/blindleiamarine.no\/index.php\/2025\/04\/17\/river\/\">River 650 Korkyra<\/a><\/h2>\r\n\t\t\t\t\t\t\t\t\t\t<p>\u00c5rets store nyhet innen rotasjonsst\u00f8pte b\u00e5ter er River 650 Korkyra! En helt ny opplevelse p\u00e5 vannet. Med sine 21 fot og bredde p\u00e5 240cm har du plass til hele familien (eller fotballaget!) for en perfekt dag p\u00e5 sj\u00f8en. River 650 er st\u00f8pt med 3-lags teknologi som gir suveren styrke og stivhet. Som med alle andre30<\/p>\n\t\t\t\t\t<a href=\"https:\/\/blindleiamarine.no\/index.php\/2025\/04\/17\/river\/\" class=\"enigma_blog_read_btn\"><i class=\"fa fa-plus-circle\"><\/i>Read More<\/a>\r\n\t\t\t\t\t<div class=\"enigma_blog_thumb_footer\">\r\n\t\t\t\t\t\t<ul class=\"enigma_blog_thumb_date\">\r\n\t\t\t\t\t\t\t<li><i class=\"fa fa-user\"><\/i><a href=\"https:\/\/blindleiamarine.no\/index.php\/author\/admin\/\">admin<\/a><\/li>\r\n\t\t\t\t\t\t\t<li><i class=\"fa fa-clock-o\"><\/i>april 17 ,2025<\/li>\r\n\t\t\t\t\t\t\t<li><i class=\"fa fa-comments-o\"><\/i><span>-<\/span><\/li>\r\n\t\t\t\t\t\t<\/ul>\r\n\t\t\t\t\t<\/div>\r\n\t\t\t\t<\/div>\r\n\t\t\t<\/div>\t\t\t<div class=\"col-sm-12 col-md-4 portfolio-item-wrapper River\" >\r\n\t\t\t\t<div class=\"enigma_blog_thumb_wrapper\">\r\n\t\t\t\t\t<div class=\"enigma_blog_thumb_wrapper_showcase\">\t\t\t\t\t\r\n\t\t\t\t\t\t<img loading=\"lazy\" decoding=\"async\" width=\"340\" height=\"210\" src=\"https:\/\/blindleiamarine.no\/wp-content\/uploads\/2025\/04\/ROTO_FinalRender_530_7-e1744877281308-340x210.png\" class=\"enigma_img_responsive wp-post-image\" alt=\"\" srcset=\"https:\/\/blindleiamarine.no\/wp-content\/uploads\/2025\/04\/ROTO_FinalRender_530_7-e1744877281308-340x210.png 340w, https:\/\/blindleiamarine.no\/wp-content\/uploads\/2025\/04\/ROTO_FinalRender_530_7-e1744877281308-260x160.png 260w, https:\/\/blindleiamarine.no\/wp-content\/uploads\/2025\/04\/ROTO_FinalRender_530_7-e1744877281308-394x242.png 394w, https:\/\/blindleiamarine.no\/wp-content\/uploads\/2025\/04\/ROTO_FinalRender_530_7-e1744877281308-252x155.png 252w, https:\/\/blindleiamarine.no\/wp-content\/uploads\/2025\/04\/ROTO_FinalRender_530_7-e1744877281308-750x460.png 750w, https:\/\/blindleiamarine.no\/wp-content\/uploads\/2025\/04\/ROTO_FinalRender_530_7-e1744877281308-570x350.png 570w\" sizes=\"auto, (max-width: 340px) 100vw, 340px\" \/>\t\t\t\t\t\t<div class=\"enigma_blog_thumb_wrapper_showcase_overlay\">\r\n\t\t\t\t\t\t\t<div class=\"enigma_blog_thumb_wrapper_showcase_overlay_inner \">\r\n\t\t\t\t\t\t\t\t<div class=\"enigma_blog_thumb_wrapper_showcase_icons\">\r\n\t\t\t\t\t\t\t\t\t<a title=\"River Hydra 530\" href=\"https:\/\/blindleiamarine.no\/index.php\/2025\/04\/17\/river-hydra-530\/\"><i class=\"fa fa-link\"><\/i><\/a>\r\n\t\t\t\t\t\t\t\t<\/div>\r\n\t\t\t\t\t\t\t<\/div>\r\n\t\t\t\t\t\t<\/div>\r\n\t\t\t\t\t<\/div>\r\n\t\t\t\t\t<h2><a href=\"https:\/\/blindleiamarine.no\/index.php\/2025\/04\/17\/river-hydra-530\/\">River Hydra 530<\/a><\/h2>\r\n\t\t\t\t\t\t\t\t\t\t<p class=\"enigma_tags\">Tags :&nbsp;<a href=\"https:\/\/blindleiamarine.no\/index.php\/tag\/river\/\" rel=\"tag\">River<\/a> <a href=\"https:\/\/blindleiamarine.no\/index.php\/tag\/rotasjonsstop\/\" rel=\"tag\">Rotasjonsst\u00f8p<\/a><br \/><\/p>\r\n\t\t\t\t\t\t\t\t\t\t<p>Endelig er vi klare til \u00e5 presentere det nye familiemedlemmet i River Boats-familien. Vi setter med dette en ny standard innen rotasjonsst\u00f8p og redefinerer normen for polyetylenb\u00e5ter. Dette er den aller f\u00f8rste rotasjonsst\u00f8pte b\u00e5ten med step i verden, og dette har bare blitt brukt tidligere p\u00e5 st\u00f8rre og dyrere b\u00e5ter. Steppet reduserer friksjon, forbedrer drivstoff30<\/p>\n\t\t\t\t\t<a href=\"https:\/\/blindleiamarine.no\/index.php\/2025\/04\/17\/river-hydra-530\/\" class=\"enigma_blog_read_btn\"><i class=\"fa fa-plus-circle\"><\/i>Read More<\/a>\r\n\t\t\t\t\t<div class=\"enigma_blog_thumb_footer\">\r\n\t\t\t\t\t\t<ul class=\"enigma_blog_thumb_date\">\r\n\t\t\t\t\t\t\t<li><i class=\"fa fa-user\"><\/i><a href=\"https:\/\/blindleiamarine.no\/index.php\/author\/admin\/\">admin<\/a><\/li>\r\n\t\t\t\t\t\t\t<li><i class=\"fa fa-clock-o\"><\/i>april 17 ,2025<\/li>\r\n\t\t\t\t\t\t\t<li><i class=\"fa fa-comments-o\"><\/i><span>-<\/span><\/li>\r\n\t\t\t\t\t\t<\/ul>\r\n\t\t\t\t\t<\/div>\r\n\t\t\t\t<\/div>\r\n\t\t\t<\/div>\t\t\t<div class=\"col-sm-12 col-md-4 portfolio-item-wrapper River\" >\r\n\t\t\t\t<div class=\"enigma_blog_thumb_wrapper\">\r\n\t\t\t\t\t<div class=\"enigma_blog_thumb_wrapper_showcase\">\t\t\t\t\t\r\n\t\t\t\t\t\t<img loading=\"lazy\" decoding=\"async\" width=\"340\" height=\"210\" src=\"https:\/\/blindleiamarine.no\/wp-content\/uploads\/2021\/03\/River460-1-340x210.jpg\" class=\"enigma_img_responsive wp-post-image\" alt=\"\" srcset=\"https:\/\/blindleiamarine.no\/wp-content\/uploads\/2021\/03\/River460-1-340x210.jpg 340w, https:\/\/blindleiamarine.no\/wp-content\/uploads\/2021\/03\/River460-1-260x160.jpg 260w, https:\/\/blindleiamarine.no\/wp-content\/uploads\/2021\/03\/River460-1-394x242.jpg 394w, https:\/\/blindleiamarine.no\/wp-content\/uploads\/2021\/03\/River460-1-252x155.jpg 252w, https:\/\/blindleiamarine.no\/wp-content\/uploads\/2021\/03\/River460-1-750x460.jpg 750w, https:\/\/blindleiamarine.no\/wp-content\/uploads\/2021\/03\/River460-1-570x350.jpg 570w\" sizes=\"auto, (max-width: 340px) 100vw, 340px\" \/>\t\t\t\t\t\t<div class=\"enigma_blog_thumb_wrapper_showcase_overlay\">\r\n\t\t\t\t\t\t\t<div class=\"enigma_blog_thumb_wrapper_showcase_overlay_inner \">\r\n\t\t\t\t\t\t\t\t<div class=\"enigma_blog_thumb_wrapper_showcase_icons\">\r\n\t\t\t\t\t\t\t\t\t<a title=\"River 460\" href=\"https:\/\/blindleiamarine.no\/index.php\/2021\/03\/07\/river-460\/\"><i class=\"fa fa-link\"><\/i><\/a>\r\n\t\t\t\t\t\t\t\t<\/div>\r\n\t\t\t\t\t\t\t<\/div>\r\n\t\t\t\t\t\t<\/div>\r\n\t\t\t\t\t<\/div>\r\n\t\t\t\t\t<h2><a href=\"https:\/\/blindleiamarine.no\/index.php\/2021\/03\/07\/river-460\/\">River 460<\/a><\/h2>\r\n\t\t\t\t\t\t\t\t\t\t<p>River Boats er sj\u00f8dykyktige kvalitetsb\u00e5ter siden 1995. B\u00e5tenes modul\u00e6reprisbel\u00f8nnede design har fokus p\u00e5 sikkerhet, funksjonalitet og enkelt b\u00e5thold. River Boats har s\u00e5 langt levert over 10.000 b\u00e5ter til forn\u00f8yde kunder innen en rekke bruksomr\u00e5der og markeder. Leveres i fargene sort, gr\u00e5, r\u00f8d, hvit med sorte seter River 460 er en moderne kombinasjonsb\u00e5t for alle i30<\/p>\n\t\t\t\t\t<a href=\"https:\/\/blindleiamarine.no\/index.php\/2021\/03\/07\/river-460\/\" class=\"enigma_blog_read_btn\"><i class=\"fa fa-plus-circle\"><\/i>Read More<\/a>\r\n\t\t\t\t\t<div class=\"enigma_blog_thumb_footer\">\r\n\t\t\t\t\t\t<ul class=\"enigma_blog_thumb_date\">\r\n\t\t\t\t\t\t\t<li><i class=\"fa fa-user\"><\/i><a href=\"https:\/\/blindleiamarine.no\/index.php\/author\/admin\/\">admin<\/a><\/li>\r\n\t\t\t\t\t\t\t<li><i class=\"fa fa-clock-o\"><\/i>mars 07 ,2021<\/li>\r\n\t\t\t\t\t\t\t<li><i class=\"fa fa-comments-o\"><\/i><span>-<\/span><\/li>\r\n\t\t\t\t\t\t<\/ul>\r\n\t\t\t\t\t<\/div>\r\n\t\t\t\t<\/div>\r\n\t\t\t<\/div>\t\t\t<div class=\"col-sm-12 col-md-4 portfolio-item-wrapper River\" >\r\n\t\t\t\t<div class=\"enigma_blog_thumb_wrapper\">\r\n\t\t\t\t\t<div class=\"enigma_blog_thumb_wrapper_showcase\">\t\t\t\t\t\r\n\t\t\t\t\t\t<img loading=\"lazy\" decoding=\"async\" width=\"340\" height=\"210\" src=\"https:\/\/blindleiamarine.no\/wp-content\/uploads\/2017\/03\/420-chris-2-340x210.jpg\" class=\"enigma_img_responsive wp-post-image\" alt=\"\" srcset=\"https:\/\/blindleiamarine.no\/wp-content\/uploads\/2017\/03\/420-chris-2-340x210.jpg 340w, https:\/\/blindleiamarine.no\/wp-content\/uploads\/2017\/03\/420-chris-2-260x160.jpg 260w, https:\/\/blindleiamarine.no\/wp-content\/uploads\/2017\/03\/420-chris-2-394x242.jpg 394w, https:\/\/blindleiamarine.no\/wp-content\/uploads\/2017\/03\/420-chris-2-252x155.jpg 252w, https:\/\/blindleiamarine.no\/wp-content\/uploads\/2017\/03\/420-chris-2-750x460.jpg 750w, https:\/\/blindleiamarine.no\/wp-content\/uploads\/2017\/03\/420-chris-2-570x350.jpg 570w\" sizes=\"auto, (max-width: 340px) 100vw, 340px\" \/>\t\t\t\t\t\t<div class=\"enigma_blog_thumb_wrapper_showcase_overlay\">\r\n\t\t\t\t\t\t\t<div class=\"enigma_blog_thumb_wrapper_showcase_overlay_inner \">\r\n\t\t\t\t\t\t\t\t<div class=\"enigma_blog_thumb_wrapper_showcase_icons\">\r\n\t\t\t\t\t\t\t\t\t<a title=\"River 420\" href=\"https:\/\/blindleiamarine.no\/index.php\/2017\/03\/06\/river-420\/\"><i class=\"fa fa-link\"><\/i><\/a>\r\n\t\t\t\t\t\t\t\t<\/div>\r\n\t\t\t\t\t\t\t<\/div>\r\n\t\t\t\t\t\t<\/div>\r\n\t\t\t\t\t<\/div>\r\n\t\t\t\t\t<h2><a href=\"https:\/\/blindleiamarine.no\/index.php\/2017\/03\/06\/river-420\/\">River 420<\/a><\/h2>\r\n\t\t\t\t\t\t\t\t\t\t<p>River 420 er i likhet med &laquo;sm\u00e5s\u00f8skenene&raquo; River 290 og 350 ekstremt sikre og sidestabile. Gjennom sin unike skrogkonstruksjon og sporty design vil det f\u00f8re uvanlig rolig gange og kj\u00f8reegenskaper utenom det vanlige. River 420 er ekstremt sidestabil n\u00e5r b\u00e5ten ligger stille eller kj\u00f8res p\u00e5 full fart. River 420 vil bli godkjent i CE klasse30<\/p>\n\t\t\t\t\t<a href=\"https:\/\/blindleiamarine.no\/index.php\/2017\/03\/06\/river-420\/\" class=\"enigma_blog_read_btn\"><i class=\"fa fa-plus-circle\"><\/i>Read More<\/a>\r\n\t\t\t\t\t<div class=\"enigma_blog_thumb_footer\">\r\n\t\t\t\t\t\t<ul class=\"enigma_blog_thumb_date\">\r\n\t\t\t\t\t\t\t<li><i class=\"fa fa-user\"><\/i><a href=\"https:\/\/blindleiamarine.no\/index.php\/author\/admin\/\">admin<\/a><\/li>\r\n\t\t\t\t\t\t\t<li><i class=\"fa fa-clock-o\"><\/i>mars 06 ,2017<\/li>\r\n\t\t\t\t\t\t\t<li><i class=\"fa fa-comments-o\"><\/i><span>-<\/span><\/li>\r\n\t\t\t\t\t\t<\/ul>\r\n\t\t\t\t\t<\/div>\r\n\t\t\t\t<\/div>\r\n\t\t\t<\/div>\t\t\t<div class=\"col-sm-12 col-md-4 portfolio-item-wrapper River\" >\r\n\t\t\t\t<div class=\"enigma_blog_thumb_wrapper\">\r\n\t\t\t\t\t<div class=\"enigma_blog_thumb_wrapper_showcase\">\t\t\t\t\t\r\n\t\t\t\t\t\t<img loading=\"lazy\" decoding=\"async\" width=\"340\" height=\"210\" src=\"https:\/\/blindleiamarine.no\/wp-content\/uploads\/2017\/03\/rosa-og-gronn-side-uten-logo-340x210.jpg\" class=\"enigma_img_responsive wp-post-image\" alt=\"\" srcset=\"https:\/\/blindleiamarine.no\/wp-content\/uploads\/2017\/03\/rosa-og-gronn-side-uten-logo-340x210.jpg 340w, https:\/\/blindleiamarine.no\/wp-content\/uploads\/2017\/03\/rosa-og-gronn-side-uten-logo-260x160.jpg 260w, https:\/\/blindleiamarine.no\/wp-content\/uploads\/2017\/03\/rosa-og-gronn-side-uten-logo-394x242.jpg 394w, https:\/\/blindleiamarine.no\/wp-content\/uploads\/2017\/03\/rosa-og-gronn-side-uten-logo-252x155.jpg 252w, https:\/\/blindleiamarine.no\/wp-content\/uploads\/2017\/03\/rosa-og-gronn-side-uten-logo-750x460.jpg 750w, https:\/\/blindleiamarine.no\/wp-content\/uploads\/2017\/03\/rosa-og-gronn-side-uten-logo-570x350.jpg 570w\" sizes=\"auto, (max-width: 340px) 100vw, 340px\" \/>\t\t\t\t\t\t<div class=\"enigma_blog_thumb_wrapper_showcase_overlay\">\r\n\t\t\t\t\t\t\t<div class=\"enigma_blog_thumb_wrapper_showcase_overlay_inner \">\r\n\t\t\t\t\t\t\t\t<div class=\"enigma_blog_thumb_wrapper_showcase_icons\">\r\n\t\t\t\t\t\t\t\t\t<a title=\"River 350\" href=\"https:\/\/blindleiamarine.no\/index.php\/2017\/03\/06\/river-350\/\"><i class=\"fa fa-link\"><\/i><\/a>\r\n\t\t\t\t\t\t\t\t<\/div>\r\n\t\t\t\t\t\t\t<\/div>\r\n\t\t\t\t\t\t<\/div>\r\n\t\t\t\t\t<\/div>\r\n\t\t\t\t\t<h2><a href=\"https:\/\/blindleiamarine.no\/index.php\/2017\/03\/06\/river-350\/\">River 350<\/a><\/h2>\r\n\t\t\t\t\t\t\t\t\t\t<p>River 350 har blitt meget popul\u00e6r blant s\u00e5vel dykkere som hobbyfiskere grunnet en unik skrogkonstruksjon. Denne gir b\u00e5ten en ekstrem sidestabilitet b\u00e5de n\u00e5r b\u00e5ten ligger stille eller kj\u00f8res p\u00e5 full fart. River-b\u00e5tene representerer nytenkning innen design og produktutvikling. River er meget lettplanende, og oppn\u00e5r stor hastighet, selv med sm\u00e5 motorer. Den optimale konstruksjonen av skroget30<\/p>\n\t\t\t\t\t<a href=\"https:\/\/blindleiamarine.no\/index.php\/2017\/03\/06\/river-350\/\" class=\"enigma_blog_read_btn\"><i class=\"fa fa-plus-circle\"><\/i>Read More<\/a>\r\n\t\t\t\t\t<div class=\"enigma_blog_thumb_footer\">\r\n\t\t\t\t\t\t<ul class=\"enigma_blog_thumb_date\">\r\n\t\t\t\t\t\t\t<li><i class=\"fa fa-user\"><\/i><a href=\"https:\/\/blindleiamarine.no\/index.php\/author\/admin\/\">admin<\/a><\/li>\r\n\t\t\t\t\t\t\t<li><i class=\"fa fa-clock-o\"><\/i>mars 06 ,2017<\/li>\r\n\t\t\t\t\t\t\t<li><i class=\"fa fa-comments-o\"><\/i><span>-<\/span><\/li>\r\n\t\t\t\t\t\t<\/ul>\r\n\t\t\t\t\t<\/div>\r\n\t\t\t\t<\/div>\r\n\t\t\t<\/div>\t\t\t<div class=\"col-sm-12 col-md-4 portfolio-item-wrapper River\" >\r\n\t\t\t\t<div class=\"enigma_blog_thumb_wrapper\">\r\n\t\t\t\t\t<div class=\"enigma_blog_thumb_wrapper_showcase\">\t\t\t\t\t\r\n\t\t\t\t\t\t<img loading=\"lazy\" decoding=\"async\" width=\"340\" height=\"210\" src=\"https:\/\/blindleiamarine.no\/wp-content\/uploads\/2017\/03\/Rosa-290-Huth-340x210.jpg\" class=\"enigma_img_responsive wp-post-image\" alt=\"\" srcset=\"https:\/\/blindleiamarine.no\/wp-content\/uploads\/2017\/03\/Rosa-290-Huth-340x210.jpg 340w, https:\/\/blindleiamarine.no\/wp-content\/uploads\/2017\/03\/Rosa-290-Huth-260x160.jpg 260w, https:\/\/blindleiamarine.no\/wp-content\/uploads\/2017\/03\/Rosa-290-Huth-394x242.jpg 394w, https:\/\/blindleiamarine.no\/wp-content\/uploads\/2017\/03\/Rosa-290-Huth-252x155.jpg 252w, https:\/\/blindleiamarine.no\/wp-content\/uploads\/2017\/03\/Rosa-290-Huth-750x460.jpg 750w, https:\/\/blindleiamarine.no\/wp-content\/uploads\/2017\/03\/Rosa-290-Huth-570x350.jpg 570w\" sizes=\"auto, (max-width: 340px) 100vw, 340px\" \/>\t\t\t\t\t\t<div class=\"enigma_blog_thumb_wrapper_showcase_overlay\">\r\n\t\t\t\t\t\t\t<div class=\"enigma_blog_thumb_wrapper_showcase_overlay_inner \">\r\n\t\t\t\t\t\t\t\t<div class=\"enigma_blog_thumb_wrapper_showcase_icons\">\r\n\t\t\t\t\t\t\t\t\t<a title=\"River 290\" href=\"https:\/\/blindleiamarine.no\/index.php\/2017\/03\/06\/river-290\/\"><i class=\"fa fa-link\"><\/i><\/a>\r\n\t\t\t\t\t\t\t\t<\/div>\r\n\t\t\t\t\t\t\t<\/div>\r\n\t\t\t\t\t\t<\/div>\r\n\t\t\t\t\t<\/div>\r\n\t\t\t\t\t<h2><a href=\"https:\/\/blindleiamarine.no\/index.php\/2017\/03\/06\/river-290\/\">River 290<\/a><\/h2>\r\n\t\t\t\t\t\t\t\t\t\t<p>River 290 er en av markedets aller beste kombijoller. En jolle som kan brukes b\u00e5de som motorb\u00e5t, rob\u00e5t, slepejolle og biltaksb\u00e5t. River 290 XR er i tillegg en fullblods racingutgave for ultimate kj\u00f8reopplevelser og sikkerhet.&nbsp; River-b\u00e5tene er ekstremt lettplanende, med sin moderate V-bunn p\u00e5 14 grader. En River 290 med en fullvoksen person og 5HK30<\/p>\n\t\t\t\t\t<a href=\"https:\/\/blindleiamarine.no\/index.php\/2017\/03\/06\/river-290\/\" class=\"enigma_blog_read_btn\"><i class=\"fa fa-plus-circle\"><\/i>Read More<\/a>\r\n\t\t\t\t\t<div class=\"enigma_blog_thumb_footer\">\r\n\t\t\t\t\t\t<ul class=\"enigma_blog_thumb_date\">\r\n\t\t\t\t\t\t\t<li><i class=\"fa fa-user\"><\/i><a href=\"https:\/\/blindleiamarine.no\/index.php\/author\/admin\/\">admin<\/a><\/li>\r\n\t\t\t\t\t\t\t<li><i class=\"fa fa-clock-o\"><\/i>mars 06 ,2017<\/li>\r\n\t\t\t\t\t\t\t<li><i class=\"fa fa-comments-o\"><\/i><span>-<\/span><\/li>\r\n\t\t\t\t\t\t<\/ul>\r\n\t\t\t\t\t<\/div>\r\n\t\t\t\t<\/div>\r\n\t\t\t<\/div>\t<\/div>\t\r\n\t\n","protected":false},"excerpt":{"rendered":"<p>River Boats representerer nytenking innen design og produktutvikling River produseres av Rotost\u00f8p AS, som ble etablert i 1995 og er blitt en av Norges st\u00f8rste produsent av rotasjonsst\u00f8pte b\u00e5ter i polyetylen. Rotost\u00f8p AS har en ekspansiv utviklingsstrategi med stadig nye modeller under utvikling. Alle v\u00e5re b\u00e5ter er utviklet med hensyn til sikkerhet og stabilitet, og30<\/p>\n","protected":false},"author":1,"featured_media":1294,"parent":37,"menu_order":0,"comment_status":"closed","ping_status":"closed","template":"page-fullwidth.php","meta":{"_exactmetrics_skip_tracking":false,"_exactmetrics_sitenote_active":false,"_exactmetrics_sitenote_note":"","_exactmetrics_sitenote_category":0,"footnotes":""},"class_list":["post-517","page","type-page","status-publish","has-post-thumbnail","hentry"],"_links":{"self":[{"href":"https:\/\/blindleiamarine.no\/index.php\/wp-json\/wp\/v2\/pages\/517","targetHints":{"allow":["GET"]}}],"collection":[{"href":"https:\/\/blindleiamarine.no\/index.php\/wp-json\/wp\/v2\/pages"}],"about":[{"href":"https:\/\/blindleiamarine.no\/index.php\/wp-json\/wp\/v2\/types\/page"}],"author":[{"embeddable":true,"href":"https:\/\/blindleiamarine.no\/index.php\/wp-json\/wp\/v2\/users\/1"}],"replies":[{"embeddable":true,"href":"https:\/\/blindleiamarine.no\/index.php\/wp-json\/wp\/v2\/comments?post=517"}],"version-history":[{"count":2,"href":"https:\/\/blindleiamarine.no\/index.php\/wp-json\/wp\/v2\/pages\/517\/revisions"}],"predecessor-version":[{"id":520,"href":"https:\/\/blindleiamarine.no\/index.php\/wp-json\/wp\/v2\/pages\/517\/revisions\/520"}],"up":[{"embeddable":true,"href":"https:\/\/blindleiamarine.no\/index.php\/wp-json\/wp\/v2\/pages\/37"}],"wp:featuredmedia":[{"embeddable":true,"href":"https:\/\/blindleiamarine.no\/index.php\/wp-json\/wp\/v2\/media\/1294"}],"wp:attachment":[{"href":"https:\/\/blindleiamarine.no\/index.php\/wp-json\/wp\/v2\/media?parent=517"}],"curies":[{"name":"wp","href":"https:\/\/api.w.org\/{rel}","templated":true}]}}