{"id":55,"date":"2015-09-21T01:12:41","date_gmt":"2015-09-20T23:12:41","guid":{"rendered":"http:\/\/www.blindleiamarine.no\/?page_id=55"},"modified":"2025-04-18T00:52:18","modified_gmt":"2025-04-17T22:52:18","slug":"terhi","status":"publish","type":"page","link":"https:\/\/blindleiamarine.no\/index.php\/bater\/terhi\/","title":{"rendered":"Terhi"},"content":{"rendered":"\n<p>De siste 36 \u00e5rene har Terhi bygget og utviklet holdbare og trygge b\u00e5ter for krevende forhold. Takket v\u00e6re unik produksjonsteknologi og et framtidsrettet syn p\u00e5 produktutvikling har Terhi blitt et velrennomert varemerke i det internasjonale b\u00e5t-milj\u00f8et.&nbsp;Et omfattende modellutvalg gir alternativer for alle typer vann og behov. Et godt eksempel p\u00e5 firmaets innovative produktutvikling er den stadig mer popul\u00e6re Saiman Sunwind \u2013 en milj\u00f8vennlig b\u00e5t med solcelledrevet elektrisk motor!&nbsp;Produktspekteret inkluderer mange andre velkjente favoritter som dekker b\u00e5teieres ulike behov. Et eksempel er Terhi 385, den mestselgende rob\u00e5ten i Finland \u00e5r etter \u00e5r.&nbsp;For \u00e5 feire oss selv presenterer vi n\u00e5 en helt ny motorb\u00e5tmodell. Som navnet tilsier byr den sporty og raske \u2018More Fun\u2019 p\u00e5 spennende opplevelser uten \u00e5 g\u00e5 p\u00e5 akkord med sikkerheten. Denne nye modellen har et moderne design, toppet med en ungdommelig solgul farge.&nbsp;M\u00e5let v\u00e5rt er \u00e5 fortsatt utvikle b\u00e5ter som t\u00e5ler b\u00e5de hyppig bruk og slitasje over tid. En Terhi-b\u00e5t er et trygt valg, ikke bare p\u00e5 grunn av produksjonsteknologien som ligger bak, men ogs\u00e5 p\u00e5 grunn av holdbarheten, som gj\u00f8r at den beholder sin verdi mye lengre enn en normal b\u00e5t.Det er grunnen til at vi kan love deg at Terhi alltid vil holde deg flytende!<\/p>\n\n\n\t\t\r\n\t<div class=\"row enigma_portfolio_page enima_photo_gallery portfolio \" id=\"isotope-portfolio-container\">\r\n\t\t\t\t<div class=\"col-sm-12 col-md-4 portfolio-item-wrapper Terhi\" >\r\n\t\t\t\t<div class=\"enigma_blog_thumb_wrapper\">\r\n\t\t\t\t\t<div class=\"enigma_blog_thumb_wrapper_showcase\">\t\t\t\t\t\r\n\t\t\t\t\t\t<img loading=\"lazy\" decoding=\"async\" width=\"340\" height=\"210\" src=\"https:\/\/blindleiamarine.no\/wp-content\/uploads\/2025\/04\/Terhi-480-BR-YM20-e-02-340x210.jpeg\" class=\"enigma_img_responsive wp-post-image\" alt=\"\" srcset=\"https:\/\/blindleiamarine.no\/wp-content\/uploads\/2025\/04\/Terhi-480-BR-YM20-e-02-340x210.jpeg 340w, https:\/\/blindleiamarine.no\/wp-content\/uploads\/2025\/04\/Terhi-480-BR-YM20-e-02-260x160.jpeg 260w, https:\/\/blindleiamarine.no\/wp-content\/uploads\/2025\/04\/Terhi-480-BR-YM20-e-02-394x242.jpeg 394w, https:\/\/blindleiamarine.no\/wp-content\/uploads\/2025\/04\/Terhi-480-BR-YM20-e-02-252x155.jpeg 252w, https:\/\/blindleiamarine.no\/wp-content\/uploads\/2025\/04\/Terhi-480-BR-YM20-e-02-750x460.jpeg 750w, https:\/\/blindleiamarine.no\/wp-content\/uploads\/2025\/04\/Terhi-480-BR-YM20-e-02-570x350.jpeg 570w\" sizes=\"auto, (max-width: 340px) 100vw, 340px\" \/>\t\t\t\t\t\t<div class=\"enigma_blog_thumb_wrapper_showcase_overlay\">\r\n\t\t\t\t\t\t\t<div class=\"enigma_blog_thumb_wrapper_showcase_overlay_inner \">\r\n\t\t\t\t\t\t\t\t<div class=\"enigma_blog_thumb_wrapper_showcase_icons\">\r\n\t\t\t\t\t\t\t\t\t<a title=\"Terhi 480 Bowrider\" href=\"https:\/\/blindleiamarine.no\/index.php\/2025\/04\/18\/terhi-480-bowrider\/\"><i class=\"fa fa-link\"><\/i><\/a>\r\n\t\t\t\t\t\t\t\t<\/div>\r\n\t\t\t\t\t\t\t<\/div>\r\n\t\t\t\t\t\t<\/div>\r\n\t\t\t\t\t<\/div>\r\n\t\t\t\t\t<h2><a href=\"https:\/\/blindleiamarine.no\/index.php\/2025\/04\/18\/terhi-480-bowrider\/\">Terhi 480 Bowrider<\/a><\/h2>\r\n\t\t\t\t\t\t\t\t\t\t<p>Denne nyere, sporty og nesten fem meter lange bowrideren har dobbel konsoll, og sammen med d\u00f8ren mellom konsollene beskytter dette bakdekket mot vind og sj\u00f8. Velutstyrt og praktiskBakdekket er utstyrt med to separate, polstrede seter samt en bred akterbenk som utgj\u00f8r en sittegruppe for totalt fem personer. De beskyttende konsollene har ekstra god oppbevaringsplass samt30<\/p>\n\t\t\t\t\t<a href=\"https:\/\/blindleiamarine.no\/index.php\/2025\/04\/18\/terhi-480-bowrider\/\" class=\"enigma_blog_read_btn\"><i class=\"fa fa-plus-circle\"><\/i>Read More<\/a>\r\n\t\t\t\t\t<div class=\"enigma_blog_thumb_footer\">\r\n\t\t\t\t\t\t<ul class=\"enigma_blog_thumb_date\">\r\n\t\t\t\t\t\t\t<li><i class=\"fa fa-user\"><\/i><a href=\"https:\/\/blindleiamarine.no\/index.php\/author\/admin\/\">admin<\/a><\/li>\r\n\t\t\t\t\t\t\t<li><i class=\"fa fa-clock-o\"><\/i>april 18 ,2025<\/li>\r\n\t\t\t\t\t\t\t<li><i class=\"fa fa-comments-o\"><\/i><span>-<\/span><\/li>\r\n\t\t\t\t\t\t<\/ul>\r\n\t\t\t\t\t<\/div>\r\n\t\t\t\t<\/div>\r\n\t\t\t<\/div>\t\t\t<div class=\"col-sm-12 col-md-4 portfolio-item-wrapper Terhi\" >\r\n\t\t\t\t<div class=\"enigma_blog_thumb_wrapper\">\r\n\t\t\t\t\t<div class=\"enigma_blog_thumb_wrapper_showcase\">\t\t\t\t\t\r\n\t\t\t\t\t\t<img loading=\"lazy\" decoding=\"async\" width=\"340\" height=\"210\" src=\"https:\/\/blindleiamarine.no\/wp-content\/uploads\/2025\/04\/0004_IMG_7984-1-340x210.jpeg\" class=\"enigma_img_responsive wp-post-image\" alt=\"\" srcset=\"https:\/\/blindleiamarine.no\/wp-content\/uploads\/2025\/04\/0004_IMG_7984-1-340x210.jpeg 340w, https:\/\/blindleiamarine.no\/wp-content\/uploads\/2025\/04\/0004_IMG_7984-1-260x160.jpeg 260w, https:\/\/blindleiamarine.no\/wp-content\/uploads\/2025\/04\/0004_IMG_7984-1-394x242.jpeg 394w, https:\/\/blindleiamarine.no\/wp-content\/uploads\/2025\/04\/0004_IMG_7984-1-252x155.jpeg 252w, https:\/\/blindleiamarine.no\/wp-content\/uploads\/2025\/04\/0004_IMG_7984-1-750x460.jpeg 750w, https:\/\/blindleiamarine.no\/wp-content\/uploads\/2025\/04\/0004_IMG_7984-1-570x350.jpeg 570w\" sizes=\"auto, (max-width: 340px) 100vw, 340px\" \/>\t\t\t\t\t\t<div class=\"enigma_blog_thumb_wrapper_showcase_overlay\">\r\n\t\t\t\t\t\t\t<div class=\"enigma_blog_thumb_wrapper_showcase_overlay_inner \">\r\n\t\t\t\t\t\t\t\t<div class=\"enigma_blog_thumb_wrapper_showcase_icons\">\r\n\t\t\t\t\t\t\t\t\t<a title=\"Terhi 480 Cabin\" href=\"https:\/\/blindleiamarine.no\/index.php\/2025\/04\/18\/terhi-480-cabin\/\"><i class=\"fa fa-link\"><\/i><\/a>\r\n\t\t\t\t\t\t\t\t<\/div>\r\n\t\t\t\t\t\t\t<\/div>\r\n\t\t\t\t\t\t<\/div>\r\n\t\t\t\t\t<\/div>\r\n\t\t\t\t\t<h2><a href=\"https:\/\/blindleiamarine.no\/index.php\/2025\/04\/18\/terhi-480-cabin\/\">Terhi 480 Cabin<\/a><\/h2>\r\n\t\t\t\t\t\t\t\t\t\t<p>ansert til 2024 kom denne modellen som skiller seg ut fra resten av b\u00e5tene i Terhis portef\u00f8lje&nbsp;p\u00e5 grunn av \u00e9n bestemt funksjon \u2013 kabinen. Nyheten, som g\u00e5r under navnet Terhi 480 Cabin, er i hovedsak en hardtop-versjon av den popul\u00e6re Terhi 480 BR-modellen, som lar f\u00f8rer og passasjer reise beskyttet fra vind og sj\u00f8spr\u00f8yt i30<\/p>\n\t\t\t\t\t<a href=\"https:\/\/blindleiamarine.no\/index.php\/2025\/04\/18\/terhi-480-cabin\/\" class=\"enigma_blog_read_btn\"><i class=\"fa fa-plus-circle\"><\/i>Read More<\/a>\r\n\t\t\t\t\t<div class=\"enigma_blog_thumb_footer\">\r\n\t\t\t\t\t\t<ul class=\"enigma_blog_thumb_date\">\r\n\t\t\t\t\t\t\t<li><i class=\"fa fa-user\"><\/i><a href=\"https:\/\/blindleiamarine.no\/index.php\/author\/admin\/\">admin<\/a><\/li>\r\n\t\t\t\t\t\t\t<li><i class=\"fa fa-clock-o\"><\/i>april 18 ,2025<\/li>\r\n\t\t\t\t\t\t\t<li><i class=\"fa fa-comments-o\"><\/i><span>-<\/span><\/li>\r\n\t\t\t\t\t\t<\/ul>\r\n\t\t\t\t\t<\/div>\r\n\t\t\t\t<\/div>\r\n\t\t\t<\/div>\t\t\t<div class=\"col-sm-12 col-md-4 portfolio-item-wrapper Terhi\" >\r\n\t\t\t\t<div class=\"enigma_blog_thumb_wrapper\">\r\n\t\t\t\t\t<div class=\"enigma_blog_thumb_wrapper_showcase\">\t\t\t\t\t\r\n\t\t\t\t\t\t<img loading=\"lazy\" decoding=\"async\" width=\"340\" height=\"210\" src=\"https:\/\/blindleiamarine.no\/wp-content\/uploads\/2025\/04\/Terhi-390_2023_act-025-340x210.jpeg\" class=\"enigma_img_responsive wp-post-image\" alt=\"\" srcset=\"https:\/\/blindleiamarine.no\/wp-content\/uploads\/2025\/04\/Terhi-390_2023_act-025-340x210.jpeg 340w, https:\/\/blindleiamarine.no\/wp-content\/uploads\/2025\/04\/Terhi-390_2023_act-025-260x160.jpeg 260w, https:\/\/blindleiamarine.no\/wp-content\/uploads\/2025\/04\/Terhi-390_2023_act-025-394x242.jpeg 394w, https:\/\/blindleiamarine.no\/wp-content\/uploads\/2025\/04\/Terhi-390_2023_act-025-252x155.jpeg 252w, https:\/\/blindleiamarine.no\/wp-content\/uploads\/2025\/04\/Terhi-390_2023_act-025-750x460.jpeg 750w, https:\/\/blindleiamarine.no\/wp-content\/uploads\/2025\/04\/Terhi-390_2023_act-025-570x350.jpeg 570w\" sizes=\"auto, (max-width: 340px) 100vw, 340px\" \/>\t\t\t\t\t\t<div class=\"enigma_blog_thumb_wrapper_showcase_overlay\">\r\n\t\t\t\t\t\t\t<div class=\"enigma_blog_thumb_wrapper_showcase_overlay_inner \">\r\n\t\t\t\t\t\t\t\t<div class=\"enigma_blog_thumb_wrapper_showcase_icons\">\r\n\t\t\t\t\t\t\t\t\t<a title=\"Terhi 390HV\" href=\"https:\/\/blindleiamarine.no\/index.php\/2025\/04\/18\/terhi-390hv\/\"><i class=\"fa fa-link\"><\/i><\/a>\r\n\t\t\t\t\t\t\t\t<\/div>\r\n\t\t\t\t\t\t\t<\/div>\r\n\t\t\t\t\t\t<\/div>\r\n\t\t\t\t\t<\/div>\r\n\t\t\t\t\t<h2><a href=\"https:\/\/blindleiamarine.no\/index.php\/2025\/04\/18\/terhi-390hv\/\">Terhi 390HV<\/a><\/h2>\r\n\t\t\t\t\t\t\t\t\t\t<p>I forkant av 2023-sesongen lanserte Terhi en ny rob\u00e5tmodell som er mer kurs stabil, komfortabel og lett \u00e5 ro. Mer \u00f8konomisk N\u00e5r det gjelder kj\u00f8ring for drivstoff og elektriske p\u00e5hengsmotorer, er ogs\u00e5 kj\u00f8reegenskapene forbedret.&nbsp; Arvtaker Terhi 390 er den etterlengtede etterf\u00f8lgeren til Terhi 385, en mange\u00e5rig favoritt i Terhi-rob\u00e5tserien som ble produsert i over 4030<\/p>\n\t\t\t\t\t<a href=\"https:\/\/blindleiamarine.no\/index.php\/2025\/04\/18\/terhi-390hv\/\" class=\"enigma_blog_read_btn\"><i class=\"fa fa-plus-circle\"><\/i>Read More<\/a>\r\n\t\t\t\t\t<div class=\"enigma_blog_thumb_footer\">\r\n\t\t\t\t\t\t<ul class=\"enigma_blog_thumb_date\">\r\n\t\t\t\t\t\t\t<li><i class=\"fa fa-user\"><\/i><a href=\"https:\/\/blindleiamarine.no\/index.php\/author\/admin\/\">admin<\/a><\/li>\r\n\t\t\t\t\t\t\t<li><i class=\"fa fa-clock-o\"><\/i>april 18 ,2025<\/li>\r\n\t\t\t\t\t\t\t<li><i class=\"fa fa-comments-o\"><\/i><span>-<\/span><\/li>\r\n\t\t\t\t\t\t<\/ul>\r\n\t\t\t\t\t<\/div>\r\n\t\t\t\t<\/div>\r\n\t\t\t<\/div>\t\t\t<div class=\"col-sm-12 col-md-4 portfolio-item-wrapper Terhi\" >\r\n\t\t\t\t<div class=\"enigma_blog_thumb_wrapper\">\r\n\t\t\t\t\t<div class=\"enigma_blog_thumb_wrapper_showcase\">\t\t\t\t\t\r\n\t\t\t\t\t\t<img loading=\"lazy\" decoding=\"async\" width=\"340\" height=\"210\" src=\"https:\/\/blindleiamarine.no\/wp-content\/uploads\/2019\/03\/terhi-450c-act-002b-340x210.jpeg\" class=\"enigma_img_responsive wp-post-image\" alt=\"\" srcset=\"https:\/\/blindleiamarine.no\/wp-content\/uploads\/2019\/03\/terhi-450c-act-002b-340x210.jpeg 340w, https:\/\/blindleiamarine.no\/wp-content\/uploads\/2019\/03\/terhi-450c-act-002b-260x160.jpeg 260w, https:\/\/blindleiamarine.no\/wp-content\/uploads\/2019\/03\/terhi-450c-act-002b-394x242.jpeg 394w, https:\/\/blindleiamarine.no\/wp-content\/uploads\/2019\/03\/terhi-450c-act-002b-252x155.jpeg 252w, https:\/\/blindleiamarine.no\/wp-content\/uploads\/2019\/03\/terhi-450c-act-002b-750x460.jpeg 750w, https:\/\/blindleiamarine.no\/wp-content\/uploads\/2019\/03\/terhi-450c-act-002b-570x350.jpeg 570w\" sizes=\"auto, (max-width: 340px) 100vw, 340px\" \/>\t\t\t\t\t\t<div class=\"enigma_blog_thumb_wrapper_showcase_overlay\">\r\n\t\t\t\t\t\t\t<div class=\"enigma_blog_thumb_wrapper_showcase_overlay_inner \">\r\n\t\t\t\t\t\t\t\t<div class=\"enigma_blog_thumb_wrapper_showcase_icons\">\r\n\t\t\t\t\t\t\t\t\t<a title=\"Terhi 450CC\" href=\"https:\/\/blindleiamarine.no\/index.php\/2019\/03\/11\/terhi-450cc\/\"><i class=\"fa fa-link\"><\/i><\/a>\r\n\t\t\t\t\t\t\t\t<\/div>\r\n\t\t\t\t\t\t\t<\/div>\r\n\t\t\t\t\t\t<\/div>\r\n\t\t\t\t\t<\/div>\r\n\t\t\t\t\t<h2><a href=\"https:\/\/blindleiamarine.no\/index.php\/2019\/03\/11\/terhi-450cc\/\">Terhi 450CC<\/a><\/h2>\r\n\t\t\t\t\t\t\t\t\t\t<p>Konsollversjonen Terhi 450 C er en moderne, velutstyrt sm\u00e5b\u00e5t: Funksjonell, lettplanende og selvdrenerende. B\u00e5ten er bare 450 centimeter lang men rommer likevel mye. Hver centimeter er godt utnyttet og styrekonsollen gir sikker kj\u00f8ring. Som standardutstyr finnes ved siden av konsollen blant annet vindskjerm med&nbsp;b\u00f8yle og pullere. Den som \u00f8nsker mer sportslighet og nettokapasitet kan velge30<\/p>\n\t\t\t\t\t<a href=\"https:\/\/blindleiamarine.no\/index.php\/2019\/03\/11\/terhi-450cc\/\" class=\"enigma_blog_read_btn\"><i class=\"fa fa-plus-circle\"><\/i>Read More<\/a>\r\n\t\t\t\t\t<div class=\"enigma_blog_thumb_footer\">\r\n\t\t\t\t\t\t<ul class=\"enigma_blog_thumb_date\">\r\n\t\t\t\t\t\t\t<li><i class=\"fa fa-user\"><\/i><a href=\"https:\/\/blindleiamarine.no\/index.php\/author\/admin\/\">admin<\/a><\/li>\r\n\t\t\t\t\t\t\t<li><i class=\"fa fa-clock-o\"><\/i>mars 11 ,2019<\/li>\r\n\t\t\t\t\t\t\t<li><i class=\"fa fa-comments-o\"><\/i><span>-<\/span><\/li>\r\n\t\t\t\t\t\t<\/ul>\r\n\t\t\t\t\t<\/div>\r\n\t\t\t\t<\/div>\r\n\t\t\t<\/div>\t\t\t<div class=\"col-sm-12 col-md-4 portfolio-item-wrapper Terhi\" >\r\n\t\t\t\t<div class=\"enigma_blog_thumb_wrapper\">\r\n\t\t\t\t\t<div class=\"enigma_blog_thumb_wrapper_showcase\">\t\t\t\t\t\r\n\t\t\t\t\t\t<img loading=\"lazy\" decoding=\"async\" width=\"340\" height=\"210\" src=\"https:\/\/blindleiamarine.no\/wp-content\/uploads\/2019\/03\/pim-1191466-33280-product-450c-batpakke-mainimage-340x210.jpg\" class=\"enigma_img_responsive wp-post-image\" alt=\"\" srcset=\"https:\/\/blindleiamarine.no\/wp-content\/uploads\/2019\/03\/pim-1191466-33280-product-450c-batpakke-mainimage-340x210.jpg 340w, https:\/\/blindleiamarine.no\/wp-content\/uploads\/2019\/03\/pim-1191466-33280-product-450c-batpakke-mainimage-260x160.jpg 260w, https:\/\/blindleiamarine.no\/wp-content\/uploads\/2019\/03\/pim-1191466-33280-product-450c-batpakke-mainimage-394x242.jpg 394w, https:\/\/blindleiamarine.no\/wp-content\/uploads\/2019\/03\/pim-1191466-33280-product-450c-batpakke-mainimage-252x155.jpg 252w, https:\/\/blindleiamarine.no\/wp-content\/uploads\/2019\/03\/pim-1191466-33280-product-450c-batpakke-mainimage-750x460.jpg 750w, https:\/\/blindleiamarine.no\/wp-content\/uploads\/2019\/03\/pim-1191466-33280-product-450c-batpakke-mainimage-570x350.jpg 570w\" sizes=\"auto, (max-width: 340px) 100vw, 340px\" \/>\t\t\t\t\t\t<div class=\"enigma_blog_thumb_wrapper_showcase_overlay\">\r\n\t\t\t\t\t\t\t<div class=\"enigma_blog_thumb_wrapper_showcase_overlay_inner \">\r\n\t\t\t\t\t\t\t\t<div class=\"enigma_blog_thumb_wrapper_showcase_icons\">\r\n\t\t\t\t\t\t\t\t\t<a title=\"Terhi 450C\" href=\"https:\/\/blindleiamarine.no\/index.php\/2019\/03\/11\/terhi-450c\/\"><i class=\"fa fa-link\"><\/i><\/a>\r\n\t\t\t\t\t\t\t\t<\/div>\r\n\t\t\t\t\t\t\t<\/div>\r\n\t\t\t\t\t\t<\/div>\r\n\t\t\t\t\t<\/div>\r\n\t\t\t\t\t<h2><a href=\"https:\/\/blindleiamarine.no\/index.php\/2019\/03\/11\/terhi-450c\/\">Terhi 450C<\/a><\/h2>\r\n\t\t\t\t\t\t\t\t\t\t<p>Konsollversjonen Terhi 450 C er en moderne, velutstyrt sm\u00e5b\u00e5t: Funksjonell, lettplanende og selvdrenerende. B\u00e5ten er kun 450 centimeter men rommer likevel mye. Hver centimeter er godt utnyttet og styrekonsollen gir sikker kj\u00f8ring. Som standardutstyr finnes ved siden av konsollen blant annet vindskjerm med rekkverk og pullere. Den som \u00f8nsker mer sportslighet og nettokapasitet kan velge30<\/p>\n\t\t\t\t\t<a href=\"https:\/\/blindleiamarine.no\/index.php\/2019\/03\/11\/terhi-450c\/\" class=\"enigma_blog_read_btn\"><i class=\"fa fa-plus-circle\"><\/i>Read More<\/a>\r\n\t\t\t\t\t<div class=\"enigma_blog_thumb_footer\">\r\n\t\t\t\t\t\t<ul class=\"enigma_blog_thumb_date\">\r\n\t\t\t\t\t\t\t<li><i class=\"fa fa-user\"><\/i><a href=\"https:\/\/blindleiamarine.no\/index.php\/author\/admin\/\">admin<\/a><\/li>\r\n\t\t\t\t\t\t\t<li><i class=\"fa fa-clock-o\"><\/i>mars 11 ,2019<\/li>\r\n\t\t\t\t\t\t\t<li><i class=\"fa fa-comments-o\"><\/i><span>-<\/span><\/li>\r\n\t\t\t\t\t\t<\/ul>\r\n\t\t\t\t\t<\/div>\r\n\t\t\t\t<\/div>\r\n\t\t\t<\/div>\t\t\t<div class=\"col-sm-12 col-md-4 portfolio-item-wrapper Terhi\" >\r\n\t\t\t\t<div class=\"enigma_blog_thumb_wrapper\">\r\n\t\t\t\t\t<div class=\"enigma_blog_thumb_wrapper_showcase\">\t\t\t\t\t\r\n\t\t\t\t\t\t<img loading=\"lazy\" decoding=\"async\" width=\"340\" height=\"210\" src=\"https:\/\/blindleiamarine.no\/wp-content\/uploads\/2019\/03\/terhi_440_16_act_e_07-340x210.jpeg\" class=\"enigma_img_responsive wp-post-image\" alt=\"\" srcset=\"https:\/\/blindleiamarine.no\/wp-content\/uploads\/2019\/03\/terhi_440_16_act_e_07-340x210.jpeg 340w, https:\/\/blindleiamarine.no\/wp-content\/uploads\/2019\/03\/terhi_440_16_act_e_07-260x160.jpeg 260w, https:\/\/blindleiamarine.no\/wp-content\/uploads\/2019\/03\/terhi_440_16_act_e_07-394x242.jpeg 394w, https:\/\/blindleiamarine.no\/wp-content\/uploads\/2019\/03\/terhi_440_16_act_e_07-252x155.jpeg 252w, https:\/\/blindleiamarine.no\/wp-content\/uploads\/2019\/03\/terhi_440_16_act_e_07-750x460.jpeg 750w, https:\/\/blindleiamarine.no\/wp-content\/uploads\/2019\/03\/terhi_440_16_act_e_07-570x350.jpeg 570w\" sizes=\"auto, (max-width: 340px) 100vw, 340px\" \/>\t\t\t\t\t\t<div class=\"enigma_blog_thumb_wrapper_showcase_overlay\">\r\n\t\t\t\t\t\t\t<div class=\"enigma_blog_thumb_wrapper_showcase_overlay_inner \">\r\n\t\t\t\t\t\t\t\t<div class=\"enigma_blog_thumb_wrapper_showcase_icons\">\r\n\t\t\t\t\t\t\t\t\t<a title=\"Terhi 440\" href=\"https:\/\/blindleiamarine.no\/index.php\/2019\/03\/11\/terhi-440\/\"><i class=\"fa fa-link\"><\/i><\/a>\r\n\t\t\t\t\t\t\t\t<\/div>\r\n\t\t\t\t\t\t\t<\/div>\r\n\t\t\t\t\t\t<\/div>\r\n\t\t\t\t\t<\/div>\r\n\t\t\t\t\t<h2><a href=\"https:\/\/blindleiamarine.no\/index.php\/2019\/03\/11\/terhi-440\/\">Terhi 440<\/a><\/h2>\r\n\t\t\t\t\t\t\t\t\t\t<p>Terhi 440 er en veltilpasset universalb\u00e5t for krevende bruk. Stabil b\u00e5t med bredt skrogMed sitt gode skrog er den veldig stabil og har meget god lastekapasitet. Som transportmiddel tar den hele familien eller en st\u00f8rre last trygt til og fra hytta. Terhi 440 er romslig, kan ros med to par \u00e5rer og utstyres med p\u00e5hengsmotor.30<\/p>\n\t\t\t\t\t<a href=\"https:\/\/blindleiamarine.no\/index.php\/2019\/03\/11\/terhi-440\/\" class=\"enigma_blog_read_btn\"><i class=\"fa fa-plus-circle\"><\/i>Read More<\/a>\r\n\t\t\t\t\t<div class=\"enigma_blog_thumb_footer\">\r\n\t\t\t\t\t\t<ul class=\"enigma_blog_thumb_date\">\r\n\t\t\t\t\t\t\t<li><i class=\"fa fa-user\"><\/i><a href=\"https:\/\/blindleiamarine.no\/index.php\/author\/admin\/\">admin<\/a><\/li>\r\n\t\t\t\t\t\t\t<li><i class=\"fa fa-clock-o\"><\/i>mars 11 ,2019<\/li>\r\n\t\t\t\t\t\t\t<li><i class=\"fa fa-comments-o\"><\/i><span>-<\/span><\/li>\r\n\t\t\t\t\t\t<\/ul>\r\n\t\t\t\t\t<\/div>\r\n\t\t\t\t<\/div>\r\n\t\t\t<\/div>\t\t\t<div class=\"col-sm-12 col-md-4 portfolio-item-wrapper Terhi\" >\r\n\t\t\t\t<div class=\"enigma_blog_thumb_wrapper\">\r\n\t\t\t\t\t<div class=\"enigma_blog_thumb_wrapper_showcase\">\t\t\t\t\t\r\n\t\t\t\t\t\t<img loading=\"lazy\" decoding=\"async\" width=\"340\" height=\"210\" src=\"https:\/\/blindleiamarine.no\/wp-content\/uploads\/2015\/12\/Saiman-17-340x210.jpg\" class=\"enigma_img_responsive wp-post-image\" alt=\"\" srcset=\"https:\/\/blindleiamarine.no\/wp-content\/uploads\/2015\/12\/Saiman-17-340x210.jpg 340w, https:\/\/blindleiamarine.no\/wp-content\/uploads\/2015\/12\/Saiman-17-260x160.jpg 260w, https:\/\/blindleiamarine.no\/wp-content\/uploads\/2015\/12\/Saiman-17-394x242.jpg 394w, https:\/\/blindleiamarine.no\/wp-content\/uploads\/2015\/12\/Saiman-17-252x155.jpg 252w, https:\/\/blindleiamarine.no\/wp-content\/uploads\/2015\/12\/Saiman-17-750x460.jpg 750w, https:\/\/blindleiamarine.no\/wp-content\/uploads\/2015\/12\/Saiman-17-570x350.jpg 570w\" sizes=\"auto, (max-width: 340px) 100vw, 340px\" \/>\t\t\t\t\t\t<div class=\"enigma_blog_thumb_wrapper_showcase_overlay\">\r\n\t\t\t\t\t\t\t<div class=\"enigma_blog_thumb_wrapper_showcase_overlay_inner \">\r\n\t\t\t\t\t\t\t\t<div class=\"enigma_blog_thumb_wrapper_showcase_icons\">\r\n\t\t\t\t\t\t\t\t\t<a title=\"Terhi Saiman\" href=\"https:\/\/blindleiamarine.no\/index.php\/2018\/04\/08\/terhi-saiman\/\"><i class=\"fa fa-link\"><\/i><\/a>\r\n\t\t\t\t\t\t\t\t<\/div>\r\n\t\t\t\t\t\t\t<\/div>\r\n\t\t\t\t\t\t<\/div>\r\n\t\t\t\t\t<\/div>\r\n\t\t\t\t\t<h2><a href=\"https:\/\/blindleiamarine.no\/index.php\/2018\/04\/08\/terhi-saiman\/\">Terhi Saiman<\/a><\/h2>\r\n\t\t\t\t\t\t\t\t\t\t<p>Saiman er en tradisjonell finsk rob\u00e5t realisert i Terhi-stil. Den er trygg, solid og brukervennlig, samtidig som den er utviklet for moderne bruk. Alt du trenger, til en fornuftig prisV\u00e5re kunder kan ikke f\u00e5 fullrost Terhi Saiman nok. Hvis du skal ha en praktisk, lettrodd og stilig b\u00e5t ved fjellhytta, er dette et sikkert valg.30<\/p>\n\t\t\t\t\t<a href=\"https:\/\/blindleiamarine.no\/index.php\/2018\/04\/08\/terhi-saiman\/\" class=\"enigma_blog_read_btn\"><i class=\"fa fa-plus-circle\"><\/i>Read More<\/a>\r\n\t\t\t\t\t<div class=\"enigma_blog_thumb_footer\">\r\n\t\t\t\t\t\t<ul class=\"enigma_blog_thumb_date\">\r\n\t\t\t\t\t\t\t<li><i class=\"fa fa-user\"><\/i><a href=\"https:\/\/blindleiamarine.no\/index.php\/author\/admin\/\">admin<\/a><\/li>\r\n\t\t\t\t\t\t\t<li><i class=\"fa fa-clock-o\"><\/i>april 08 ,2018<\/li>\r\n\t\t\t\t\t\t\t<li><i class=\"fa fa-comments-o\"><\/i><span>-<\/span><\/li>\r\n\t\t\t\t\t\t<\/ul>\r\n\t\t\t\t\t<\/div>\r\n\t\t\t\t<\/div>\r\n\t\t\t<\/div>\t\t\t<div class=\"col-sm-12 col-md-4 portfolio-item-wrapper Terhi\" >\r\n\t\t\t\t<div class=\"enigma_blog_thumb_wrapper\">\r\n\t\t\t\t\t<div class=\"enigma_blog_thumb_wrapper_showcase\">\t\t\t\t\t\r\n\t\t\t\t\t\t<img loading=\"lazy\" decoding=\"async\" width=\"340\" height=\"210\" src=\"https:\/\/blindleiamarine.no\/wp-content\/uploads\/2017\/02\/terhi_400_16_act_e_01-340x210.jpeg\" class=\"enigma_img_responsive wp-post-image\" alt=\"\" srcset=\"https:\/\/blindleiamarine.no\/wp-content\/uploads\/2017\/02\/terhi_400_16_act_e_01-340x210.jpeg 340w, https:\/\/blindleiamarine.no\/wp-content\/uploads\/2017\/02\/terhi_400_16_act_e_01-260x160.jpeg 260w, https:\/\/blindleiamarine.no\/wp-content\/uploads\/2017\/02\/terhi_400_16_act_e_01-394x242.jpeg 394w, https:\/\/blindleiamarine.no\/wp-content\/uploads\/2017\/02\/terhi_400_16_act_e_01-252x155.jpeg 252w, https:\/\/blindleiamarine.no\/wp-content\/uploads\/2017\/02\/terhi_400_16_act_e_01-750x460.jpeg 750w, https:\/\/blindleiamarine.no\/wp-content\/uploads\/2017\/02\/terhi_400_16_act_e_01-570x350.jpeg 570w\" sizes=\"auto, (max-width: 340px) 100vw, 340px\" \/>\t\t\t\t\t\t<div class=\"enigma_blog_thumb_wrapper_showcase_overlay\">\r\n\t\t\t\t\t\t\t<div class=\"enigma_blog_thumb_wrapper_showcase_overlay_inner \">\r\n\t\t\t\t\t\t\t\t<div class=\"enigma_blog_thumb_wrapper_showcase_icons\">\r\n\t\t\t\t\t\t\t\t\t<a title=\"Terhi 400\" href=\"https:\/\/blindleiamarine.no\/index.php\/2017\/02\/28\/terhi-400-c\/\"><i class=\"fa fa-link\"><\/i><\/a>\r\n\t\t\t\t\t\t\t\t<\/div>\r\n\t\t\t\t\t\t\t<\/div>\r\n\t\t\t\t\t\t<\/div>\r\n\t\t\t\t\t<\/div>\r\n\t\t\t\t\t<h2><a href=\"https:\/\/blindleiamarine.no\/index.php\/2017\/02\/28\/terhi-400-c\/\">Terhi 400<\/a><\/h2>\r\n\t\t\t\t\t\t\t\t\t\t<p>Terhi 400 er en fulltreffer av en hytteb\u00e5t velegnet for alle typer bruksomr\u00e5der og aldersgrupper. Den g\u00e5r meget lett i plan med en Tohatsu-p\u00e5hengsmotor fra 5-15 hk. B\u00e5ten er ogs\u00e5 sv\u00e6rt velegnet \u00e5 ro, b\u00e5de fra for- og midtsetet. Stor b\u00e5t i lite formatDet er denne kombinasjonen som gj\u00f8r modellen s\u00e5 unik. Du trenger ikke30<\/p>\n\t\t\t\t\t<a href=\"https:\/\/blindleiamarine.no\/index.php\/2017\/02\/28\/terhi-400-c\/\" class=\"enigma_blog_read_btn\"><i class=\"fa fa-plus-circle\"><\/i>Read More<\/a>\r\n\t\t\t\t\t<div class=\"enigma_blog_thumb_footer\">\r\n\t\t\t\t\t\t<ul class=\"enigma_blog_thumb_date\">\r\n\t\t\t\t\t\t\t<li><i class=\"fa fa-user\"><\/i><a href=\"https:\/\/blindleiamarine.no\/index.php\/author\/admin\/\">admin<\/a><\/li>\r\n\t\t\t\t\t\t\t<li><i class=\"fa fa-clock-o\"><\/i>februar 28 ,2017<\/li>\r\n\t\t\t\t\t\t\t<li><i class=\"fa fa-comments-o\"><\/i><span>-<\/span><\/li>\r\n\t\t\t\t\t\t<\/ul>\r\n\t\t\t\t\t<\/div>\r\n\t\t\t\t<\/div>\r\n\t\t\t<\/div>\t<\/div>\t\r\n\t\n","protected":false},"excerpt":{"rendered":"<p>De siste 36 \u00e5rene har Terhi bygget og utviklet holdbare og trygge b\u00e5ter for krevende forhold. Takket v\u00e6re unik produksjonsteknologi og et framtidsrettet syn p\u00e5 produktutvikling har Terhi blitt et velrennomert varemerke i det internasjonale b\u00e5t-milj\u00f8et.&nbsp;Et omfattende modellutvalg gir alternativer for alle typer vann og behov. Et godt eksempel p\u00e5 firmaets innovative produktutvikling er den30<\/p>\n","protected":false},"author":1,"featured_media":1587,"parent":37,"menu_order":0,"comment_status":"closed","ping_status":"closed","template":"page-fullwidth.php","meta":{"_exactmetrics_skip_tracking":false,"_exactmetrics_sitenote_active":false,"_exactmetrics_sitenote_note":"","_exactmetrics_sitenote_category":0,"footnotes":""},"class_list":["post-55","page","type-page","status-publish","has-post-thumbnail","hentry"],"_links":{"self":[{"href":"https:\/\/blindleiamarine.no\/index.php\/wp-json\/wp\/v2\/pages\/55","targetHints":{"allow":["GET"]}}],"collection":[{"href":"https:\/\/blindleiamarine.no\/index.php\/wp-json\/wp\/v2\/pages"}],"about":[{"href":"https:\/\/blindleiamarine.no\/index.php\/wp-json\/wp\/v2\/types\/page"}],"author":[{"embeddable":true,"href":"https:\/\/blindleiamarine.no\/index.php\/wp-json\/wp\/v2\/users\/1"}],"replies":[{"embeddable":true,"href":"https:\/\/blindleiamarine.no\/index.php\/wp-json\/wp\/v2\/comments?post=55"}],"version-history":[{"count":3,"href":"https:\/\/blindleiamarine.no\/index.php\/wp-json\/wp\/v2\/pages\/55\/revisions"}],"predecessor-version":[{"id":1589,"href":"https:\/\/blindleiamarine.no\/index.php\/wp-json\/wp\/v2\/pages\/55\/revisions\/1589"}],"up":[{"embeddable":true,"href":"https:\/\/blindleiamarine.no\/index.php\/wp-json\/wp\/v2\/pages\/37"}],"wp:featuredmedia":[{"embeddable":true,"href":"https:\/\/blindleiamarine.no\/index.php\/wp-json\/wp\/v2\/media\/1587"}],"wp:attachment":[{"href":"https:\/\/blindleiamarine.no\/index.php\/wp-json\/wp\/v2\/media?parent=55"}],"curies":[{"name":"wp","href":"https:\/\/api.w.org\/{rel}","templated":true}]}}